{"id":5216,"date":"2024-11-21T11:55:35","date_gmt":"2024-11-21T10:55:35","guid":{"rendered":"https:\/\/andreuibanez.es\/aviso-legal\/"},"modified":"2025-02-18T17:39:50","modified_gmt":"2025-02-18T16:39:50","slug":"avis-legal","status":"publish","type":"page","link":"https:\/\/andreuibanez.es\/ca\/avis-legal\/","title":{"rendered":"Avis legal"},"content":{"rendered":"<div>\n<h2 style=\"text-align: center;\">AV\u00cdS LEGAL DE CONDICIONS D&#8217;US DEL PORTAL<\/h2>\n<\/div>\n<div>\n<p data-start=\"133\" data-end=\"305\"><strong>Amb l&#8217;objectiu de complir amb l&#8217;article 10 de la Llei 34\/2002 de Serveis de la Societat de la Informaci\u00f3 i del Comer\u00e7 Electr\u00f2nic, informem als usuaris de les nostres dades:<\/strong><\/p>\n<p data-start=\"307\" data-end=\"349\">Denominaci\u00f3 Social: <strong>IBA\u00d1EZ PERALES, ANDR\u00c9S<\/strong><\/p>\n<p data-start=\"351\" data-end=\"388\">Adre\u00e7a: <strong>SATURNO 17 1 1 \u2013 25003 LLEIDA<\/strong><\/p>\n<p data-start=\"390\" data-end=\"404\">CIF: <strong>40898772B<\/strong><\/p>\n<p data-start=\"406\" data-end=\"427\">Tel\u00e8fon: <strong>636 27 56 99<\/strong><\/p>\n<p data-start=\"429\" data-end=\"459\">E-Mail: <strong><a rel=\"noopener\" data-start=\"437\" data-end=\"459\">andreuibanez@gmail.com<\/a><\/strong><\/p>\n<p data-start=\"461\" data-end=\"486\">Lloc web: <strong>andreuibanez.es<\/strong><\/p>\n<\/div>\n<div>\n<h3><b>1.- OBJECTE<\/b><\/h3>\n<p><strong>IBA\u00d1EZ PERALES, ANDR\u00c9S<\/strong> (en endavant tamb\u00e9 el prestador) com a responsable del lloc web, posa a disposici\u00f3 dels usuaris aquest document, que regula l&#8217;\u00fas del lloc web <strong>andreuibanez.es<\/strong>, amb la qual cosa pretenem complir amb les obligacions que disposa la Llei 34\/2002, de Serveis de la Societat de la Informaci\u00f3 i del Comer\u00e7 Electr\u00f2nic (LSSICE o LSSI), aix\u00ed com informar a tots els usuaris del lloc web respecte a les condicions d&#8217;\u00fas del lloc web.<\/p>\n<p>A trav\u00e9s del lloc web, <strong>IBA\u00d1EZ PERALES, ANDR\u00c9S<\/strong> facilita als usuaris l&#8217;acc\u00e9s i utilitzaci\u00f3 de diferents serveis i continguts posats a disposici\u00f3 a trav\u00e9s de la web<\/p>\n<p data-start=\"1118\" data-end=\"1400\">Tota persona que accedeixi a aquest lloc web assumeix el paper d&#8217;usuari (en endavant, l&#8217;usuari), i implica l&#8217;acceptaci\u00f3 plena i sense reserves de totes i cadascuna de les disposicions incloses en aquest av\u00eds legal, aix\u00ed com en qualsevulla altra disposici\u00f3 legal que fos d&#8217;aplicaci\u00f3.<\/p>\n<p data-start=\"1402\" data-end=\"1820\">Com a usuaris, cal llegir atentament aquest Av\u00eds Legal en qualsevol de les ocasions que entri al lloc web, ja que aquest pot patir modificacions, ja que el prestador es reserva el dret de modificar qualsevol tipus d&#8217;informaci\u00f3 que pugui apar\u00e8ixer al lloc web, sense que existeixi l&#8217;obligaci\u00f3 de preavisar o posar en coneixement dels usuaris aquestes obligacions, sent suficient la publicaci\u00f3 al lloc web del prestador.<\/p>\n<\/div>\n<div>\n<h3><b>2. CONDICIONS D&#8217;ACC\u00c9S I \u00daS DEL LLOC WEB<\/b><\/h3>\n<h4><b>2.1. Car\u00e0cter gratu\u00eft de l&#8217;acc\u00e9s i \u00fas del lloc web<\/b><\/h4>\n<p data-start=\"1872\" data-end=\"2230\">La prestaci\u00f3 dels serveis per part de <strong>IBA\u00d1EZ PERALES, ANDR\u00c9S<\/strong> t\u00e9 car\u00e0cter gratu\u00eft per a tots els Usuaris. No obstant aix\u00f2, alguns dels serveis subministrats pel prestador o per tercers a trav\u00e9s del lloc web estan subjectes al pagament d&#8217;un preu determinat segons les condicions generals de contractaci\u00f3.<\/p>\n<h4><b>2.2. Registre d&#8217;Usuari<\/b><\/h4>\n<p>En general, la prestaci\u00f3 dels serveis no exigeix la pr\u00e8via subscripci\u00f3 o registre dels Usuaris. No obstant aix\u00f2,<strong> IBA\u00d1EZ PERALES, ANDR\u00c9S<\/strong> condiciona l&#8217;\u00fas d&#8217;alguns dels serveis a la pr\u00e8via complementaci\u00f3 del corresponent registre d&#8217;Usuari. Aquest registre es far\u00e0 de la forma expressament indicada a la pr\u00f2pia secci\u00f3 del servei.<\/p>\n<h4><b>2.3. Veracitat de la informaci\u00f3<\/b><\/h4>\n<p>Tota la informaci\u00f3 que facilita l&#8217;Usuari ha de ser veritable. A aquests efectes, l&#8217;Usuari garanteix l&#8217;autenticitat de les dades comunicades a trav\u00e9s dels formularis per a la subscripci\u00f3 dels Serveis. Ser\u00e0 responsabilitat de l&#8217;Usuari mantenir tota la informaci\u00f3 facilitada a <strong>IBA\u00d1EZ PERALES, ANDR\u00c9S<\/strong> permanentment actualitzada de manera que respongui, en cada moment, a la seva situaci\u00f3 real. En tot cas, l&#8217;Usuari ser\u00e0 l&#8217;\u00fanic responsable de les manifestacions falses o inexactes que realitzi i dels perjudicis que causin al prestador o a tercers.<\/p>\n<h4><b>2.4. Menors d&#8217;edat<\/b><\/h4>\n<p>Per a l&#8217;\u00fas dels serveis, els menors d&#8217;edat han d&#8217;obtenir sempre pr\u00e8viament el consentiment dels pares, tutors o representants legals, responsables \u00faltims de tots els actes realitzats pels menors al seu c\u00e0rrec. La responsabilitat en la determinaci\u00f3 de continguts concrets als quals accedeixen els menors correspon a aquells, pel que si accedeixen a continguts no apropiats per Internet, hauran d&#8217;establir-se en els seus ordinadors mecanismes, en particular programes inform\u00e0tics, filtres i bloquejos, que permetin limitar els continguts disponibles i, tot i que no siguin infal\u00b7libles, s\u00f3n d&#8217;especial utilitat per controlar i restringir els materials als quals poden accedir els menors.<\/p>\n<h4><b>2.5. Obligaci\u00f3 de fer un \u00fas correcte del lloc web<\/b><\/h4>\n<p data-start=\"3883\" data-end=\"4445\">L&#8217;Usuari es compromet a utilitzar el lloc web d&#8217;acord amb la Llei i amb aquest Av\u00eds Legal, aix\u00ed com amb la moral i les bones costums. A tal efecte, l&#8217;Usuari s&#8217;abstindr\u00e0 d&#8217;utilitzar la p\u00e0gina amb fins il\u00b7l\u00edcits o prohibits, lesius de drets i interessos de tercers, o que de qualsevol manera puguin danyar, inutilitzar, sobrecarregar, deteriorar o impedir la utilitzaci\u00f3 normal dels equips inform\u00e0tics o documents, arxius i tota classe de continguts emmagatzemats en qualsevol equip inform\u00e0tic del prestador.<\/p>\n<p data-start=\"4447\" data-end=\"4751\">En particular, a t\u00edtol indicatiu per\u00f2 no exhaustiu, l&#8217;Usuari es compromet a no transmetre, difondre o posar a disposici\u00f3 de tercers informacions, dades, continguts, missatges, gr\u00e0fics, dibuixos, arxius d&#8217;\u00e0udio o imatge, fotografies, gravacions, programari i, en general, qualsevol classe de material que:<\/p>\n<p data-start=\"4753\" data-end=\"4934\">(a) sigui contrari, menyspreci\u00ef o atempti contra els drets fonamentals i les llibertats p\u00fabliques reconegudes constitucionalment, en tractats internacionals i altres normes vigents;<\/p>\n<p data-start=\"4936\" data-end=\"5094\">(b) inciti, indueixi o promogui actuacions delictives, denigrants, difamat\u00f2ries, violentes o, en general, contr\u00e0ries a la llei, a la moral i a l&#8217;ordre p\u00fablic;<\/p>\n<p data-start=\"5096\" data-end=\"5236\">(c) inciti, indueixi o promogui actuacions, actituds o pensaments discriminatoris per ra\u00f3 de sexe, ra\u00e7a, religi\u00f3, creences, edat o condici\u00f3;<\/p>\n<p data-start=\"5238\" data-end=\"5348\">(d) sigui contrari al dret a l&#8217;honor, a la intimitat personal o familiar o a la pr\u00f2pia imatge de les persones;<\/p>\n<p data-start=\"5350\" data-end=\"5430\">(e) de qualsevol manera perjudici\u00ef la credibilitat del prestador o de tercers; i<\/p>\n<p data-start=\"5432\" data-end=\"5493\">(f) constitueixi publicitat il\u00b7l\u00edcita, enganyosa o deslleial.<\/p>\n<\/div>\n<div>\n<h3><b>3.- EXCLUSI\u00d3 DE GARANTIES I RESPONSABILITAT<\/b><\/h3>\n<p data-start=\"62\" data-end=\"313\">El prestador s&#8217;eximeix de qualsevol tipus de responsabilitat derivada de la informaci\u00f3 publicada al nostre lloc web, sempre que aquesta informaci\u00f3 hagi estat manipulada o introdu\u00efda per un tercer ali\u00e8.<\/p>\n<p data-start=\"315\" data-end=\"748\">Aquesta web ha estat revisada i provada per garantir el seu funcionament correcte. En principi, es pot garantir el funcionament correcte durant els 365 dies de l&#8217;any, 24 hores al dia. No obstant aix\u00f2, el prestador no descarta la possibilitat que existeixin determinats errors de programaci\u00f3, o que succeeixin causes de for\u00e7a major, cat\u00e0strofes naturals, vagues, o circumst\u00e0ncies similars que facin impossible l&#8217;acc\u00e9s a la p\u00e0gina web.<\/p>\n<p data-start=\"750\" data-end=\"1326\"><strong>IBA\u00d1EZ PERALES, ANDRES<\/strong> no atorga cap garantia ni es fa responsable, en cap cas, dels danys i perjudicis de qualsevol naturalesa que puguin sorgir de la falta de disponibilitat, manteniment i funcionament efectiu de la web o dels seus serveis i continguts; de l&#8217;exist\u00e8ncia de virus, programes maliciosos o nocius en els continguts; de l&#8217;\u00fas il\u00b7legal, negligent, fraudulent o contrari a aquest Av\u00eds Legal i condicions d&#8217;\u00fas; o de la falta de licitud, qualitat, fiabilitat, utilitat i disponibilitat dels serveis prestats per tercers i posats a disposici\u00f3 dels usuaris al lloc web.<\/p>\n<p data-start=\"1328\" data-end=\"1461\">El prestador no es fa responsable sota cap concepte dels danys que puguin derivar-se de l&#8217;\u00fas il\u00b7legal o indegut d&#8217;aquesta p\u00e0gina web.<\/p>\n<h3><b>4.- COOKIES<\/b><\/h3>\n<p data-start=\"69\" data-end=\"509\">El lloc web del prestador pot utilitzar cookies (petits arxius d&#8217;informaci\u00f3 que el servidor envia a l&#8217;ordinador de qui accedeix a la p\u00e0gina) per dur a terme determinades funcions que es consideren imprescindibles per al correcte funcionament i visualitzaci\u00f3 del lloc. Les cookies utilitzades tenen, en tot cas, car\u00e0cter temporal, amb l&#8217;\u00fanic fi de fer m\u00e9s efica\u00e7 la navegaci\u00f3, desapareixent en finalitzar la sessi\u00f3 de l&#8217;usuari.<\/p>\n<p data-start=\"511\" data-end=\"595\">En cap cas es faran servir les cookies per recollir informaci\u00f3 de car\u00e0cter personal.<\/p>\n<p data-start=\"597\" data-end=\"662\">Per a m\u00e9s informaci\u00f3, consulta la nostra <a href=\"\/andreuibanez.es\/politica-de-cookies\">Pol\u00edtica de Cookies<\/a><\/p>\n<\/div>\n<div>\n<h3><b>5.- ENLLA\u00c7OS (LINKS)<\/b><\/h3>\n<p data-start=\"2062\" data-end=\"2684\">Des del lloc web \u00e9s possible que es redirigeixi a continguts de webs de tercers. Donat que des de la web no podem controlar sempre els continguts introdu\u00efts pels tercers, <strong>IBA\u00d1EZ PERALES, ANDRES<\/strong> no assumeix cap tipus de responsabilitat respecte a aquests continguts. En tot cas, el prestador manifesta que procedir\u00e0 a la retirada immediata de qualsevol contingut que pogu\u00e9s contravenir la legislaci\u00f3 nacional o internacional, la moral o l&#8217;ordre p\u00fablic, procedint a la retirada immediata de la redirecci\u00f3 a aquestes webs, posant en coneixement de les autoritats competents el contingut en q\u00fcesti\u00f3.<\/p>\n<p data-start=\"2686\" data-end=\"3494\">El prestador no es responsabilitza de la informaci\u00f3 i continguts emmagatzemats, a t\u00edtol enunciatiu per\u00f2 no limitatiu, en f\u00f2rums, xats, generadors de blogs, comentaris, xarxes socials o qualsevol altre mitj\u00e0 que permeti a tercers publicar continguts de forma independent a la p\u00e0gina web del prestador. Tot i aix\u00ed, i en compliment del disposat en l\u2019art. 11 i 16 de la LSSICE, el prestador es posa a disposici\u00f3 de tots els usuaris, autoritats i forces de seguretat, i col\u00b7laborant de manera activa en la retirada o, quan sigui necessari, el bloqueig de tots aquells continguts que puguin afectar o contravenir la legislaci\u00f3 nacional, o internacional, drets de tercers o la moral i l&#8217;ordre p\u00fablic. En cas que l&#8217;usuari consideri que pugui existir algun contingut que pugui ser susceptible d&#8217;aquesta classificaci\u00f3.<\/p>\n<h3><b>6.- PROTECCI\u00d3 DE DADES PERSONALS<\/b><\/h3>\n<p data-start=\"3496\" data-end=\"3866\">El prestador est\u00e0 profundament comprom\u00e8s amb el compliment de la normativa de protecci\u00f3 de dades personals i garanteix el compliment \u00edntegre de les obligacions dissenyades, aix\u00ed com la implementaci\u00f3 de les mesures de seguretat disposades en el Reglament Europeu de Protecci\u00f3 de Dades i la normativa espanyola de protecci\u00f3 de dades.<\/p>\n<p data-start=\"3868\" data-end=\"3935\">Per a m\u00e9s informaci\u00f3, consulta la nostra <a href=\"\/andreuibanez.es\/politica-de-privacidad\/\">Pol\u00edtica de Privadesa.<\/a><\/p>\n<\/div>\n<div>\n<h3><b>7. XARXES SOCIALS<\/b><\/h3>\n<p data-start=\"3937\" data-end=\"4742\">Li informem que <strong>IBA\u00d1EZ PERALES, ANDRES<\/strong> pot estar present a xarxes socials. El tractament de les dades que els usuaris incloguin a les mateixes [fent-se seguidors del prestador a les xarxes socials (i\/o realitzant qualsevol enlla\u00e7 o acci\u00f3 de connexi\u00f3 a trav\u00e9s d\u2019aquestes)] es regir\u00e0 per aquest apartat, aix\u00ed com per les condicions d&#8217;\u00fas, pol\u00edtiques de privadesa i normatives d&#8217;acc\u00e9s i \u00fas de les xarxes socials en q\u00fcesti\u00f3 i pr\u00e8viament acceptades per l&#8217;usuari. <strong>IBA\u00d1EZ PERALES, ANDRES<\/strong> tractar\u00e0 les seves dades amb l&#8217;objectiu d&#8217;informar-lo de les activitats, productes o serveis del prestador a trav\u00e9s d&#8217;aquestes xarxes socials, aix\u00ed com per a qualsevol altra finalitat que les normatives de les Xarxes Socials permetin, per\u00f2 no es far\u00e0 responsable de les seves pol\u00edtiques de privadesa.<\/p>\n<p data-start=\"4744\" data-end=\"4788\">Queda prohibida la publicaci\u00f3 de continguts:<\/p>\n<ul data-start=\"4790\" data-end=\"5515\">\n<li data-start=\"4790\" data-end=\"4977\">Que siguin presumptament il\u00b7legals per la normativa nacional, comunit\u00e0ria o internacional o que realitzin activitats presumptament il\u00b7legals o contravinguin els principis de la bona fe.<\/li>\n<li data-start=\"4978\" data-end=\"5231\">Que atemptin contra els drets fonamentals de les persones, faltin a la cortesia a la xarxa, molestin o puguin generar opinions negatives als nostres usuaris o tercers i, en general, qualsevol contingut que <strong>IBA\u00d1EZ PERALES, ANDRES<\/strong> consideri no apropiat.<\/li>\n<li data-start=\"5232\" data-end=\"5515\">I en general que contravinguin els principis de legalitat, honorabilitat, responsabilitat, protecci\u00f3 de la dignitat humana, protecci\u00f3 de menors, protecci\u00f3 de l&#8217;ordre p\u00fablic, protecci\u00f3 de la vida privada, protecci\u00f3 del consumidor i els drets de propietat intel\u00b7lectual i industrial.<\/li>\n<\/ul>\n<p data-start=\"5517\" data-end=\"5706\">Aix\u00ed mateix, <strong>IBA\u00d1EZ PERALES, ANDRES<\/strong> es reserva la potestat de retirar, sense previ av\u00eds de la p\u00e0gina web o de la xarxa social corporativa, aquells continguts que es considerin no apropiats.<\/p>\n<div><\/div>\n<h3><b>8.- PROPIEDAD INTELECTUAL E INDUSTRIAL<\/b><\/h3>\n<p data-start=\"5708\" data-end=\"6206\">El lloc web, incloent-hi a t\u00edtol enunciatiu per\u00f2 no limitatiu la programaci\u00f3, edici\u00f3, compilaci\u00f3 i altres elements necessaris per al seu funcionament, els dissenys, logotips, textos, fotografies i\/o gr\u00e0fics s\u00f3n propietat del prestador o, en cas que fos necessari, disposa de la llic\u00e8ncia o autoritzaci\u00f3 expressa per part dels autors. Tots els continguts del lloc web estan degudament protegits per la normativa de propietat intel\u00b7lectual i industrial.<\/p>\n<p data-start=\"6208\" data-end=\"6566\">Independentment de la finalitat per la qual fossin destinats, la reproducci\u00f3 total o parcial, \u00fas, distribuci\u00f3 i comunicaci\u00f3 p\u00fablica requereixen l&#8217;autoritzaci\u00f3 escrita pr\u00e8via per part del prestador. Qualsevol \u00fas no autoritzat pr\u00e8viament per part del prestador ser\u00e0 considerat un incompliment greu dels drets de propietat intel\u00b7lectual o industrial de l&#8217;autor.<\/p>\n<p data-start=\"6568\" data-end=\"6914\">Els dissenys, logotips, textos i\/o gr\u00e0fics aliens al prestador i que puguin apar\u00e8ixer al lloc web, pertanyen als seus respectius propietaris, sent ells mateixos els responsables de qualsevol possible controv\u00e8rsia que pogu\u00e9s sorgir respecte als mateixos. En tot cas, el prestador compta amb l&#8217;autoritzaci\u00f3 expressa i pr\u00e8via per part dels mateixos.<\/p>\n<p data-start=\"6916\" data-end=\"7218\">El prestador reconeix a favor dels seus titulars els corresponents drets de propietat industrial i intel\u00b7lectual, no implicant la menci\u00f3 o aparici\u00f3 al lloc web, l&#8217;exist\u00e8ncia de drets o cap responsabilitat del prestador sobre els mateixos, com tampoc suport, patrocini o recomanaci\u00f3 per part del mateix.<\/p>\n<p data-start=\"7220\" data-end=\"7470\">Per realitzar qualsevol tipus d&#8217;observaci\u00f3 respecte a possibles incompliments dels drets de propietat intel\u00b7lectual o industrial, aix\u00ed com sobre qualsevol dels continguts del lloc web, pots fer-ho a trav\u00e9s del correu electr\u00f2nic esmentat anteriorment.<\/p>\n<\/div>\n<div>\n<h3><b>9.- LLEI APLICABLE I JURISDICCI\u00d3<\/b><\/h3>\n<p>Per a la resoluci\u00f3 de les controv\u00e8rsies o q\u00fcestions relacionades amb aquesta p\u00e0gina web o de les activitats en aquesta desenvolupades, ser\u00e0 d&#8217;aplicaci\u00f3 la legislaci\u00f3 espanyola, a la qual se sotmeten expressament les parts, sent competents per a la resoluci\u00f3 de tots els conflictes derivats o relacionats amb el seu \u00fas els Jutjats i Tribunals de Lleida.<\/p>\n<\/div>\n","protected":false},"excerpt":{"rendered":"<p>AV\u00cdS LEGAL DE CONDICIONS D&#8217;US DEL PORTAL Amb l&#8217;objectiu de [&hellip;]<\/p>\n","protected":false},"author":1,"featured_media":0,"parent":0,"menu_order":0,"comment_status":"closed","ping_status":"closed","template":"","meta":{"footnotes":""},"class_list":["post-5216","page","type-page","status-publish","hentry"],"yoast_head":"<!-- This site is optimized with the Yoast SEO plugin v23.9 - https:\/\/yoast.com\/wordpress\/plugins\/seo\/ -->\n<title>Avis legal - Andreu Ib\u00e0\u00f1ez<\/title>\n<meta name=\"robots\" content=\"noindex, follow, max-snippet:-1, max-image-preview:large, max-video-preview:-1\" \/>\n<meta property=\"og:locale\" content=\"ca_ES\" \/>\n<meta property=\"og:type\" content=\"article\" \/>\n<meta property=\"og:title\" content=\"Avis legal - Andreu Ib\u00e0\u00f1ez\" \/>\n<meta property=\"og:description\" content=\"AV\u00cdS LEGAL DE CONDICIONS D&#8217;US DEL PORTAL Amb l&#8217;objectiu de [&hellip;]\" \/>\n<meta property=\"og:url\" content=\"https:\/\/andreuibanez.es\/ca\/avis-legal\/\" \/>\n<meta property=\"og:site_name\" content=\"Andreu Ib\u00e0\u00f1ez\" \/>\n<meta property=\"article:modified_time\" content=\"2025-02-18T16:39:50+00:00\" \/>\n<meta name=\"twitter:card\" content=\"summary_large_image\" \/>\n<meta name=\"twitter:label1\" content=\"Temps estimat de lectura\" \/>\n\t<meta name=\"twitter:data1\" content=\"10 minuts\" \/>\n<script type=\"application\/ld+json\" class=\"yoast-schema-graph\">{\"@context\":\"https:\/\/schema.org\",\"@graph\":[{\"@type\":\"WebPage\",\"@id\":\"https:\/\/andreuibanez.es\/ca\/avis-legal\/\",\"url\":\"https:\/\/andreuibanez.es\/ca\/avis-legal\/\",\"name\":\"Avis legal - Andreu Ib\u00e0\u00f1ez\",\"isPartOf\":{\"@id\":\"https:\/\/andreuibanez.es\/ca\/#website\"},\"datePublished\":\"2024-11-21T10:55:35+00:00\",\"dateModified\":\"2025-02-18T16:39:50+00:00\",\"breadcrumb\":{\"@id\":\"https:\/\/andreuibanez.es\/ca\/avis-legal\/#breadcrumb\"},\"inLanguage\":\"ca\",\"potentialAction\":[{\"@type\":\"ReadAction\",\"target\":[\"https:\/\/andreuibanez.es\/ca\/avis-legal\/\"]}]},{\"@type\":\"BreadcrumbList\",\"@id\":\"https:\/\/andreuibanez.es\/ca\/avis-legal\/#breadcrumb\",\"itemListElement\":[{\"@type\":\"ListItem\",\"position\":1,\"name\":\"Portada\",\"item\":\"https:\/\/andreuibanez.es\/ca\/\"},{\"@type\":\"ListItem\",\"position\":2,\"name\":\"Avis legal\"}]},{\"@type\":\"WebSite\",\"@id\":\"https:\/\/andreuibanez.es\/ca\/#website\",\"url\":\"https:\/\/andreuibanez.es\/ca\/\",\"name\":\"Andreu Ib\u00e0\u00f1ez\",\"description\":\"Innovaci\u00f3n y Tecnolog\u00eda con Google\",\"potentialAction\":[{\"@type\":\"SearchAction\",\"target\":{\"@type\":\"EntryPoint\",\"urlTemplate\":\"https:\/\/andreuibanez.es\/ca\/?s={search_term_string}\"},\"query-input\":{\"@type\":\"PropertyValueSpecification\",\"valueRequired\":true,\"valueName\":\"search_term_string\"}}],\"inLanguage\":\"ca\"}]}<\/script>\n<!-- \/ Yoast SEO plugin. -->","yoast_head_json":{"title":"Avis legal - Andreu Ib\u00e0\u00f1ez","robots":{"index":"noindex","follow":"follow","max-snippet":"max-snippet:-1","max-image-preview":"max-image-preview:large","max-video-preview":"max-video-preview:-1"},"og_locale":"ca_ES","og_type":"article","og_title":"Avis legal - Andreu Ib\u00e0\u00f1ez","og_description":"AV\u00cdS LEGAL DE CONDICIONS D&#8217;US DEL PORTAL Amb l&#8217;objectiu de [&hellip;]","og_url":"https:\/\/andreuibanez.es\/ca\/avis-legal\/","og_site_name":"Andreu Ib\u00e0\u00f1ez","article_modified_time":"2025-02-18T16:39:50+00:00","twitter_card":"summary_large_image","twitter_misc":{"Temps estimat de lectura":"10 minuts"},"schema":{"@context":"https:\/\/schema.org","@graph":[{"@type":"WebPage","@id":"https:\/\/andreuibanez.es\/ca\/avis-legal\/","url":"https:\/\/andreuibanez.es\/ca\/avis-legal\/","name":"Avis legal - Andreu Ib\u00e0\u00f1ez","isPartOf":{"@id":"https:\/\/andreuibanez.es\/ca\/#website"},"datePublished":"2024-11-21T10:55:35+00:00","dateModified":"2025-02-18T16:39:50+00:00","breadcrumb":{"@id":"https:\/\/andreuibanez.es\/ca\/avis-legal\/#breadcrumb"},"inLanguage":"ca","potentialAction":[{"@type":"ReadAction","target":["https:\/\/andreuibanez.es\/ca\/avis-legal\/"]}]},{"@type":"BreadcrumbList","@id":"https:\/\/andreuibanez.es\/ca\/avis-legal\/#breadcrumb","itemListElement":[{"@type":"ListItem","position":1,"name":"Portada","item":"https:\/\/andreuibanez.es\/ca\/"},{"@type":"ListItem","position":2,"name":"Avis legal"}]},{"@type":"WebSite","@id":"https:\/\/andreuibanez.es\/ca\/#website","url":"https:\/\/andreuibanez.es\/ca\/","name":"Andreu Ib\u00e0\u00f1ez","description":"Innovaci\u00f3n y Tecnolog\u00eda con Google","potentialAction":[{"@type":"SearchAction","target":{"@type":"EntryPoint","urlTemplate":"https:\/\/andreuibanez.es\/ca\/?s={search_term_string}"},"query-input":{"@type":"PropertyValueSpecification","valueRequired":true,"valueName":"search_term_string"}}],"inLanguage":"ca"}]}},"_links":{"self":[{"href":"https:\/\/andreuibanez.es\/ca\/wp-json\/wp\/v2\/pages\/5216","targetHints":{"allow":["GET"]}}],"collection":[{"href":"https:\/\/andreuibanez.es\/ca\/wp-json\/wp\/v2\/pages"}],"about":[{"href":"https:\/\/andreuibanez.es\/ca\/wp-json\/wp\/v2\/types\/page"}],"author":[{"embeddable":true,"href":"https:\/\/andreuibanez.es\/ca\/wp-json\/wp\/v2\/users\/1"}],"replies":[{"embeddable":true,"href":"https:\/\/andreuibanez.es\/ca\/wp-json\/wp\/v2\/comments?post=5216"}],"version-history":[{"count":3,"href":"https:\/\/andreuibanez.es\/ca\/wp-json\/wp\/v2\/pages\/5216\/revisions"}],"predecessor-version":[{"id":5220,"href":"https:\/\/andreuibanez.es\/ca\/wp-json\/wp\/v2\/pages\/5216\/revisions\/5220"}],"wp:attachment":[{"href":"https:\/\/andreuibanez.es\/ca\/wp-json\/wp\/v2\/media?parent=5216"}],"curies":[{"name":"wp","href":"https:\/\/api.w.org\/{rel}","templated":true}]}}