{"id":5261,"date":"2025-02-19T16:17:30","date_gmt":"2025-02-19T15:17:30","guid":{"rendered":"https:\/\/andreuibanez.es\/politica-de-cookies\/"},"modified":"2025-02-19T16:22:45","modified_gmt":"2025-02-19T15:22:45","slug":"politica-de-cookies","status":"publish","type":"page","link":"https:\/\/andreuibanez.es\/ca\/politica-de-cookies\/","title":{"rendered":"Pol\u00edtica de cookies"},"content":{"rendered":"<div style=\"text-align: justify;\">\n<h2><strong>POL\u00cdTICA DE COOKIES<\/strong><\/h2>\n<p>Aquesta p\u00e0gina web utilitza cookies per millorar l&#8217;experi\u00e8ncia de l&#8217;usuari. A continuaci\u00f3, trobar\u00e0 informaci\u00f3 sobre qu\u00e8 s\u00f3n les cookies, quin tipus de cookies utilitza aquesta p\u00e0gina, com pot desactivar les cookies al seu navegador i com desactivar espec\u00edficament la instal\u00b7laci\u00f3 de cookies de tercers. Si no troba la informaci\u00f3 espec\u00edfica que est\u00e0 buscant, si us plau, envi\u00ef un correu a <strong><a rel=\"noopener\" data-start=\"415\" data-end=\"437\">andreuibanez@gmail.com<\/a>.<\/strong><\/p>\n<h3><strong>Qu\u00e8 s\u00f3n las cookies?<\/strong><\/h3>\n<p>Les cookies s\u00f3n \u00fatils per diversos motius. Des d&#8217;un punt de vista t\u00e8cnic, permeten que les p\u00e0gines web funcionin de manera m\u00e9s \u00e0gil i adaptada a les seves prefer\u00e8ncies, com ara emmagatzemar el seu idioma o la moneda del seu pa\u00eds. A m\u00e9s, ajuden els responsables dels llocs web a millorar els serveis que ofereixen, gr\u00e0cies a la informaci\u00f3 estad\u00edstica que recullen, i serveixen per fer m\u00e9s eficient la publicitat que se li pot mostrar.<\/p>\n<h3 data-start=\"907\" data-end=\"957\">Quin \u00fas fem dels diferents tipus de cookies?<\/h3>\n<p><strong data-start=\"961\" data-end=\"983\">Cookies de sessi\u00f3:<\/strong> S\u00f3n aquelles que duren el temps que l\u2019usuari est\u00e0 navegant per la p\u00e0gina web i s\u2019eliminen en acabar la sessi\u00f3.<\/p>\n<p><strong data-start=\"1099\" data-end=\"1123\">Cookies persistents:<\/strong> Aquestes cookies queden emmagatzemades al dispositiu de l\u2019usuari durant m\u00e9s temps, facilitant aix\u00ed el control de les prefer\u00e8ncies escollides sense haver de repetir certs par\u00e0metres cada vegada que es visiti el lloc web.<\/p>\n<p><strong data-start=\"1348\" data-end=\"1368\">Cookies pr\u00f2pies:<\/strong> S\u00f3n cookies creades pel lloc web i que nom\u00e9s pot llegir la pr\u00f2pia p\u00e0gina. Per exemple: cookies t\u00e8cniques per a la c\u00e0rrega d\u2019imatges, cookies de personalitzaci\u00f3 de par\u00e0metres de la web, cookies d\u2019an\u00e0lisi de tr\u00e0nsit, etc.<\/p>\n<p><strong data-start=\"1593\" data-end=\"1616\">Cookies de tercers:<\/strong> S\u00f3n cookies creades per tercers i que utilitzem per a diferents serveis (per exemple, an\u00e0lisi del lloc web o publicitat).<\/p>\n<p>Segons la seva finalitat:<\/p>\n<p><strong data-start=\"1777\" data-end=\"1799\">Cookies t\u00e8cniques:<\/strong> S\u00f3n aquelles imprescindibles i estrictament necess\u00e0ries per al correcte funcionament d\u2019un portal web i la utilitzaci\u00f3 de les diferents opcions i serveis que ofereix. Per exemple, les que serveixen per al manteniment de la sessi\u00f3, la gesti\u00f3 del temps de resposta, el rendiment o la validaci\u00f3 d\u2019opcions, l\u2019\u00fas d\u2019elements de seguretat, la compartici\u00f3 de contingut a xarxes socials, etc.<\/p>\n<p><strong data-start=\"2187\" data-end=\"2218\">Cookies de personalitzaci\u00f3:<\/strong> Aquestes cookies permeten a l\u2019usuari especificar o personalitzar algunes caracter\u00edstiques de les opcions generals de la p\u00e0gina web, com ara definir l\u2019idioma, la configuraci\u00f3 regional o el tipus de navegador.<\/p>\n<p><strong data-start=\"2431\" data-end=\"2455\">Cookies anal\u00edtiques:<\/strong> S\u00f3n utilitzades pel nostre portal web per elaborar perfils de navegaci\u00f3 i con\u00e8ixer les prefer\u00e8ncies dels usuaris amb la finalitat de millorar l\u2019oferta de productes i serveis. Per exemple, mitjan\u00e7ant una cookie anal\u00edtica es podrien controlar les \u00e0rees geogr\u00e0fiques de major inter\u00e8s d\u2019un usuari, quin \u00e9s el producte m\u00e9s acceptat, etc.<\/p>\n<p><strong data-start=\"2793\" data-end=\"2819\">Cookies publicit\u00e0ries:<\/strong> Permeten la gesti\u00f3 d\u2019espais publicitaris en funci\u00f3 de criteris concrets, com ara la freq\u00fc\u00e8ncia d\u2019acc\u00e9s o el contingut editat. Les cookies de publicitat permeten, mitjan\u00e7ant la gesti\u00f3 de la publicitat, emmagatzemar informaci\u00f3 del comportament de l\u2019usuari a trav\u00e9s de l\u2019observaci\u00f3 dels seus h\u00e0bits, estudiant els accessos i formant un perfil de prefer\u00e8ncies per oferir-li publicitat relacionada amb els seus interessos.<\/p>\n<\/div>\n","protected":false},"excerpt":{"rendered":"<p>POL\u00cdTICA DE COOKIES Aquesta p\u00e0gina web utilitza cookies per millorar [&hellip;]<\/p>\n","protected":false},"author":1,"featured_media":0,"parent":0,"menu_order":0,"comment_status":"closed","ping_status":"closed","template":"","meta":{"footnotes":""},"class_list":["post-5261","page","type-page","status-publish","hentry"],"yoast_head":"<!-- This site is optimized with the Yoast SEO plugin v23.9 - https:\/\/yoast.com\/wordpress\/plugins\/seo\/ -->\n<title>Pol\u00edtica de cookies - Andreu Ib\u00e0\u00f1ez<\/title>\n<meta name=\"robots\" content=\"noindex, follow, max-snippet:-1, max-image-preview:large, max-video-preview:-1\" \/>\n<meta property=\"og:locale\" content=\"ca_ES\" \/>\n<meta property=\"og:type\" content=\"article\" \/>\n<meta property=\"og:title\" content=\"Pol\u00edtica de cookies - Andreu Ib\u00e0\u00f1ez\" \/>\n<meta property=\"og:description\" content=\"POL\u00cdTICA DE COOKIES Aquesta p\u00e0gina web utilitza cookies per millorar [&hellip;]\" \/>\n<meta property=\"og:url\" content=\"https:\/\/andreuibanez.es\/ca\/politica-de-cookies\/\" \/>\n<meta property=\"og:site_name\" content=\"Andreu Ib\u00e0\u00f1ez\" \/>\n<meta property=\"article:modified_time\" content=\"2025-02-19T15:22:45+00:00\" \/>\n<meta name=\"twitter:card\" content=\"summary_large_image\" \/>\n<meta name=\"twitter:label1\" content=\"Temps estimat de lectura\" \/>\n\t<meta name=\"twitter:data1\" content=\"3 minuts\" \/>\n<script type=\"application\/ld+json\" class=\"yoast-schema-graph\">{\"@context\":\"https:\/\/schema.org\",\"@graph\":[{\"@type\":\"WebPage\",\"@id\":\"https:\/\/andreuibanez.es\/ca\/politica-de-cookies\/\",\"url\":\"https:\/\/andreuibanez.es\/ca\/politica-de-cookies\/\",\"name\":\"Pol\u00edtica de cookies - Andreu Ib\u00e0\u00f1ez\",\"isPartOf\":{\"@id\":\"https:\/\/andreuibanez.es\/ca\/#website\"},\"datePublished\":\"2025-02-19T15:17:30+00:00\",\"dateModified\":\"2025-02-19T15:22:45+00:00\",\"breadcrumb\":{\"@id\":\"https:\/\/andreuibanez.es\/ca\/politica-de-cookies\/#breadcrumb\"},\"inLanguage\":\"ca\",\"potentialAction\":[{\"@type\":\"ReadAction\",\"target\":[\"https:\/\/andreuibanez.es\/ca\/politica-de-cookies\/\"]}]},{\"@type\":\"BreadcrumbList\",\"@id\":\"https:\/\/andreuibanez.es\/ca\/politica-de-cookies\/#breadcrumb\",\"itemListElement\":[{\"@type\":\"ListItem\",\"position\":1,\"name\":\"Portada\",\"item\":\"https:\/\/andreuibanez.es\/ca\/\"},{\"@type\":\"ListItem\",\"position\":2,\"name\":\"Pol\u00edtica de cookies\"}]},{\"@type\":\"WebSite\",\"@id\":\"https:\/\/andreuibanez.es\/ca\/#website\",\"url\":\"https:\/\/andreuibanez.es\/ca\/\",\"name\":\"Andreu Ib\u00e0\u00f1ez\",\"description\":\"Innovaci\u00f3n y Tecnolog\u00eda con Google\",\"potentialAction\":[{\"@type\":\"SearchAction\",\"target\":{\"@type\":\"EntryPoint\",\"urlTemplate\":\"https:\/\/andreuibanez.es\/ca\/?s={search_term_string}\"},\"query-input\":{\"@type\":\"PropertyValueSpecification\",\"valueRequired\":true,\"valueName\":\"search_term_string\"}}],\"inLanguage\":\"ca\"}]}<\/script>\n<!-- \/ Yoast SEO plugin. -->","yoast_head_json":{"title":"Pol\u00edtica de cookies - Andreu Ib\u00e0\u00f1ez","robots":{"index":"noindex","follow":"follow","max-snippet":"max-snippet:-1","max-image-preview":"max-image-preview:large","max-video-preview":"max-video-preview:-1"},"og_locale":"ca_ES","og_type":"article","og_title":"Pol\u00edtica de cookies - Andreu Ib\u00e0\u00f1ez","og_description":"POL\u00cdTICA DE COOKIES Aquesta p\u00e0gina web utilitza cookies per millorar [&hellip;]","og_url":"https:\/\/andreuibanez.es\/ca\/politica-de-cookies\/","og_site_name":"Andreu Ib\u00e0\u00f1ez","article_modified_time":"2025-02-19T15:22:45+00:00","twitter_card":"summary_large_image","twitter_misc":{"Temps estimat de lectura":"3 minuts"},"schema":{"@context":"https:\/\/schema.org","@graph":[{"@type":"WebPage","@id":"https:\/\/andreuibanez.es\/ca\/politica-de-cookies\/","url":"https:\/\/andreuibanez.es\/ca\/politica-de-cookies\/","name":"Pol\u00edtica de cookies - Andreu Ib\u00e0\u00f1ez","isPartOf":{"@id":"https:\/\/andreuibanez.es\/ca\/#website"},"datePublished":"2025-02-19T15:17:30+00:00","dateModified":"2025-02-19T15:22:45+00:00","breadcrumb":{"@id":"https:\/\/andreuibanez.es\/ca\/politica-de-cookies\/#breadcrumb"},"inLanguage":"ca","potentialAction":[{"@type":"ReadAction","target":["https:\/\/andreuibanez.es\/ca\/politica-de-cookies\/"]}]},{"@type":"BreadcrumbList","@id":"https:\/\/andreuibanez.es\/ca\/politica-de-cookies\/#breadcrumb","itemListElement":[{"@type":"ListItem","position":1,"name":"Portada","item":"https:\/\/andreuibanez.es\/ca\/"},{"@type":"ListItem","position":2,"name":"Pol\u00edtica de cookies"}]},{"@type":"WebSite","@id":"https:\/\/andreuibanez.es\/ca\/#website","url":"https:\/\/andreuibanez.es\/ca\/","name":"Andreu Ib\u00e0\u00f1ez","description":"Innovaci\u00f3n y Tecnolog\u00eda con Google","potentialAction":[{"@type":"SearchAction","target":{"@type":"EntryPoint","urlTemplate":"https:\/\/andreuibanez.es\/ca\/?s={search_term_string}"},"query-input":{"@type":"PropertyValueSpecification","valueRequired":true,"valueName":"search_term_string"}}],"inLanguage":"ca"}]}},"_links":{"self":[{"href":"https:\/\/andreuibanez.es\/ca\/wp-json\/wp\/v2\/pages\/5261","targetHints":{"allow":["GET"]}}],"collection":[{"href":"https:\/\/andreuibanez.es\/ca\/wp-json\/wp\/v2\/pages"}],"about":[{"href":"https:\/\/andreuibanez.es\/ca\/wp-json\/wp\/v2\/types\/page"}],"author":[{"embeddable":true,"href":"https:\/\/andreuibanez.es\/ca\/wp-json\/wp\/v2\/users\/1"}],"replies":[{"embeddable":true,"href":"https:\/\/andreuibanez.es\/ca\/wp-json\/wp\/v2\/comments?post=5261"}],"version-history":[{"count":2,"href":"https:\/\/andreuibanez.es\/ca\/wp-json\/wp\/v2\/pages\/5261\/revisions"}],"predecessor-version":[{"id":5263,"href":"https:\/\/andreuibanez.es\/ca\/wp-json\/wp\/v2\/pages\/5261\/revisions\/5263"}],"wp:attachment":[{"href":"https:\/\/andreuibanez.es\/ca\/wp-json\/wp\/v2\/media?parent=5261"}],"curies":[{"name":"wp","href":"https:\/\/api.w.org\/{rel}","templated":true}]}}