{"id":5264,"date":"2024-11-21T11:55:09","date_gmt":"2024-11-21T10:55:09","guid":{"rendered":"https:\/\/andreuibanez.es\/politica-de-privacidad\/"},"modified":"2025-02-19T16:37:19","modified_gmt":"2025-02-19T15:37:19","slug":"politica-de-privacidad","status":"publish","type":"page","link":"https:\/\/andreuibanez.es\/ca\/politica-de-privacidad\/","title":{"rendered":"Pol\u00edtica de privacitat"},"content":{"rendered":"<div>\n<p><strong>POL\u00cdTICA DE PRIVACITAT<\/strong><\/p>\n<p>En compliment del Cap\u00edtol II de la llei 34\/2002, LSSICE, us informem que la present p\u00e0gina web \u00e9s propietat de <strong>IBA\u00d1EZ PERALES, ANDRES<\/strong>, en endavant tamb\u00e9 el Prestador, amb domicili a <strong>SATURNO 17 1 1 &#8211; 25003 LLEIDA<\/strong>, amb <strong>CIF 40898772B<\/strong>, tel\u00e8fon de contacte: <strong>636275699<\/strong>, i correu electr\u00f2nic: <strong><a href=\"mailto:andreuibanez@gmail.com\">andreuibanez@gmail.com<\/a><\/strong>.<\/p>\n<p>IBA\u00d1EZ PERALES, ANDRES, com a responsable del present lloc web i de conformitat amb el que disposa la normativa vigent en mat\u00e8ria de protecci\u00f3 de dades personals, el <strong>Reglament (UE) 2016\/679 de 27 d&#8217;abril de 2016 (RGPD)<\/strong> relatiu a la protecci\u00f3 de les persones f\u00edsiques en relaci\u00f3 amb el tractament de dades personals i la lliure circulaci\u00f3 d\u2019aquestes dades, la <strong>Llei Org\u00e0nica 15\/1999, de 13 de desembre, de Protecci\u00f3 de Dades de Car\u00e0cter Personal (LOPD)<\/strong>, i la <strong>Llei 34\/2002, d\u201911 de juliol, de Serveis de la Societat de la Informaci\u00f3 i del Comer\u00e7 Electr\u00f2nic (LSSICE)<\/strong>, ha implementat totes les mesures de seguretat, tant t\u00e8cniques com organitzatives, establertes en el <strong>Reial decret 1720\/2007 de 21 de desembre<\/strong> (que desenvolupa la LOPD) per garantir i protegir la confidencialitat, integritat i disponibilitat de les dades introdu\u00efdes.<\/p>\n<p>A efectes del que preveu la <strong>LOPD<\/strong>, <strong>IBA\u00d1EZ PERALES, ANDRES<\/strong> informa que les dades que ens facilita volunt\u00e0riament seran incorporades als nostres sistemes d\u2019informaci\u00f3 amb la finalitat de dur a terme les gestions comercials i administratives necess\u00e0ries amb els usuaris de la web. Les operacions previstes per a aquest tractament s\u00f3n les seg\u00fcents:<\/p>\n<ul>\n<li>Respondre a les consultes i\/o proporcionar la informaci\u00f3 sol\u00b7licitada per l\u2019Usuari.<\/li>\n<li>Prestar els serveis i\/o productes contractats o subscrits per l\u2019Usuari.<\/li>\n<li>Dur a terme totes aquelles activitats pr\u00f2pies de <strong>IBA\u00d1EZ PERALES, ANDRES<\/strong> indicades en aquest av\u00eds legal.<\/li>\n<li>Enviar el butllet\u00ed de not\u00edcies de la p\u00e0gina web.<\/li>\n<\/ul>\n<p>El signant garanteix la veracitat de les dades aportades i es compromet a comunicar qualsevol canvi que es produeixi en aquestes.<\/p>\n<p>El Prestador, mitjan\u00e7ant un asterisc (*) a les caselles corresponents del formulari de contacte, informa l\u2019Usuari sobre la seva obligatorietat, indicant quines dades s\u00f3n necess\u00e0ries. Mitjan\u00e7ant la indicaci\u00f3 i introducci\u00f3 de les dades, l\u2019Usuari atorga el seu consentiment inequ\u00edvoc a <strong>IBA\u00d1EZ PERALES, ANDRES<\/strong> per al tractament de les dades facilitades amb les finalitats esmentades.<\/p>\n<\/div>\n<div>\n<p>El fet de no facilitar les dades personals sol\u00b7licitades o de no acceptar la present pol\u00edtica de protecci\u00f3 de dades implica la impossibilitat de subscriure\u2019s, registrar-se o rebre informaci\u00f3 sobre els productes i serveis del Prestador.<\/p>\n<p>De conformitat amb el que estableixen les normatives vigents en mat\u00e8ria de protecci\u00f3 de dades personals, el Prestador compleix amb totes les disposicions del <strong>RGPD<\/strong> i la <strong>LOPD<\/strong> pel que fa al tractament de les dades personals sota la seva responsabilitat, i manifesta expressament el compliment dels principis descrits a l\u2019<strong>article 5 del RGPD<\/strong> i l\u2019<strong>article 4 de la LOPD<\/strong>, garantint que les dades s\u00f3n tractades de manera l\u00edcita, lleial i transparent en relaci\u00f3 amb l\u2019interessat, aix\u00ed com de manera adequada, pertinent i limitada a la finalitat per a la qual han estat recollides.<\/p>\n<p>El Responsable garanteix que ha implementat pol\u00edtiques t\u00e8cniques i organitzatives adequades per aplicar les mesures de seguretat establertes pel <strong>RGPD<\/strong> i la <strong>LOPD<\/strong> amb l\u2019objectiu de protegir els drets i llibertats dels Usuaris.<\/p>\n<p>D\u2019acord amb aquestes normatives, l\u2019informem que t\u00e9 dret a <strong>sol\u00b7licitar l\u2019acc\u00e9s, rectificaci\u00f3, portabilitat i supressi\u00f3<\/strong> de les seves dades, aix\u00ed com la <strong>limitaci\u00f3 o oposici\u00f3 al seu tractament<\/strong>. Per exercir aquests drets, pot dirigir-se a <strong>PL. del Jutge, s\/n<\/strong>, enviar un correu electr\u00f2nic a <strong><a href=\"mailto:andreuibanez@gmail.com\">andreuibanez@gmail.com<\/a><\/strong> amb l\u2019assumpte <strong>\u201cLOPD, Drets ARCO\u201d<\/strong>, i adjuntar una c\u00f2pia del seu <strong>DNI<\/strong> o un altre document v\u00e0lid en dret, segons el que estableix la llei.<\/p>\n<p>T\u00e9 dret a retirar el consentiment atorgat en qualsevol moment. La retirada del consentiment no afectar\u00e0 la licitud del tractament efectuat abans de la seva retirada. Aix\u00ed mateix, t\u00e9 dret a <strong>presentar una reclamaci\u00f3<\/strong> davant l\u2019autoritat de control si considera que s\u2019han vulnerat els seus drets en mat\u00e8ria de protecci\u00f3 de dades (<strong><a href=\"http:\/\/www.agpd.es\/\">www.agpd.es<\/a><\/strong>).<\/p>\n<\/div>\n<div>\n<h3><strong>CONFIDENCIALITAT I CESSI\u00d3 DE DADES A TERCERS<\/strong><\/h3>\n<p>Les dades que ens faciliti seran tractades de manera confidencial. El Prestador ha adoptat totes les mesures t\u00e8cniques i organitzatives necess\u00e0ries i els nivells de protecci\u00f3 adequats per garantir la seguretat en el tractament de les dades i evitar la seva alteraci\u00f3, p\u00e8rdua, robatori, tractament o acc\u00e9s no autoritzat, tenint en compte l\u2019estat de la tecnologia i la naturalesa de les dades emmagatzemades. Aix\u00ed mateix, es garanteix que el tractament i registre en fitxers, programes, sistemes o equips, locals i centres compleixen els requisits i condicions d&#8217;integritat i seguretat establerts en la normativa vigent.<\/p>\n<p><strong>IBA\u00d1EZ PERALES, ANDR\u00c9S<\/strong> <strong>no cedir\u00e0 les dades personals a tercers<\/strong>, excepte per obligaci\u00f3 legal. No obstant aix\u00f2, en cas de produir-se una cessi\u00f3, es proporcionar\u00e0 informaci\u00f3 pr\u00e8via i es sol\u00b7licitar\u00e0 el <strong>consentiment expr\u00e9s<\/strong> de l\u2019usuari. La <strong>entitat responsable de la base de dades<\/strong> i qualsevol persona o entitat que intervingui en qualsevol fase del tractament, aix\u00ed com aquells a qui es comuniquin les dades (sempre amb l&#8217;autoritzaci\u00f3 corresponent de l&#8217;usuari), estan obligats a mantenir el <strong>secret professional<\/strong> i adoptar les mesures t\u00e8cniques i organitzatives necess\u00e0ries per <strong>garantir la seguretat<\/strong> de les dades personals. Aix\u00f2 inclou <strong>prevenir accessos no autoritzats, modificacions il\u00b7l\u00edcites, sostraccions o p\u00e8rdues de dades<\/strong>, assegurant aix\u00ed un nivell adequat de protecci\u00f3 en funci\u00f3 de la naturalesa i sensibilitat de la informaci\u00f3 proporcionada pels usuaris d\u2019aquest lloc web.<\/p>\n<h3><strong>ACCEPTACI\u00d3 I CONSENTIMENT<\/strong><\/h3>\n<p>L\u2019Usuari declara haver estat informat de les condicions relatives a la <strong>protecci\u00f3 de dades personals<\/strong>, acceptant i consentint el seu tractament automatitzat per part de <strong>IBA\u00d1EZ PERALES, ANDR\u00c9S<\/strong>, en la forma i amb les finalitats indicades en la present <strong>Pol\u00edtica de Protecci\u00f3 de Dades Personals<\/strong>.<\/p>\n<p>En utilitzar aquest formulari per contactar amb <strong>IBA\u00d1EZ PERALES, ANDR\u00c9S<\/strong>, l\u2019usuari autoritza expressament l\u2019\u00fas de les seves dades per a l\u2019<strong>enviament de comunicacions comercials<\/strong>, per qualsevol mitj\u00e0 (incloent-hi el correu electr\u00f2nic). No obstant aix\u00f2, podr\u00e0 revocar aquesta autoritzaci\u00f3 <strong>en qualsevol moment<\/strong>, dirigint-se a <strong>IBA\u00d1EZ PERALES, ANDR\u00c9S<\/strong> a trav\u00e9s dels canals establerts.<\/p>\n<p>A trav\u00e9s d\u2019aquesta <strong>Pol\u00edtica de Privacitat<\/strong>, informem que les <strong>fotografies<\/strong> publicades a la web s\u00f3n propietat de <strong>RA\u00d3 SOCIAL<\/strong>, incloent-hi les imatges de <strong>menors d\u2019edat<\/strong>. Per a la seva publicaci\u00f3, s\u2019ha obtingut <strong>el consentiment previ<\/strong> dels pares, tutors o representants legals mitjan\u00e7ant els <strong>formularis espec\u00edfics<\/strong> proporcionats pels centres als quals pertanyen els menors. Tot i aix\u00ed, els pares, tutors o representants legals, en exercici dels drets del menor, poden <strong>sol\u00b7licitar per escrit<\/strong> la retirada o modificaci\u00f3 d\u2019aquestes imatges. En aquest cas, la imatge del menor es mostrar\u00e0 <strong>pixelada<\/strong>.<\/p>\n<\/div>\n<div>\n<h3><strong>EXACTITUD I VERACITAT DE LES DADES<\/strong><\/h3>\n<p>L\u2019usuari \u00e9s l\u2019\u00fanic responsable de la <strong>veracitat i correcci\u00f3<\/strong> de les dades que faciliti a <strong>IBA\u00d1EZ PERALES, ANDR\u00c9S<\/strong>, exonerant el Prestador de qualsevol responsabilitat en aquest sentit. Els usuaris garanteixen i responen, en tot cas, de la <strong>exactitud, vig\u00e8ncia i autenticitat<\/strong> de les dades personals proporcionades, comprometent-se a mantenir-les <strong>debidament actualitzades<\/strong>. L\u2019usuari es compromet a <strong>proporcionar informaci\u00f3 completa i correcta<\/strong> en el formulari de registre o subscripci\u00f3.<\/p>\n<h3><strong>CONTINGUT DE LA WEB I ENLLA\u00c7OS (LINKS)<\/strong><\/h3>\n<p><strong>IBA\u00d1EZ PERALES, ANDR\u00c9S<\/strong> es reserva el dret d\u2019<strong>actualitzar, modificar o eliminar<\/strong> la informaci\u00f3 continguda a la web, aix\u00ed com de <strong>limitar o impedir l\u2019acc\u00e9s<\/strong> a aquesta informaci\u00f3.<\/p>\n<p>A m\u00e9s, <strong>IBA\u00d1EZ PERALES, ANDR\u00c9S<\/strong> <strong>no assumeix cap responsabilitat<\/strong> sobre la informaci\u00f3 de <strong>p\u00e0gines web de tercers<\/strong> a les quals es pugui accedir mitjan\u00e7ant <strong>links<\/strong> o enlla\u00e7os des d\u2019aquest lloc web. La pres\u00e8ncia d\u2019aquests enlla\u00e7os t\u00e9 una finalitat <strong>purament informativa<\/strong> i, en cap cas, implica cap tipus de <strong>suggeriment, invitaci\u00f3 o reconeixement<\/strong> sobre el seu contingut.<\/p>\n<h3><strong>ENVIAMENT DE CURR\u00cdCULUM (CV)<\/strong><\/h3>\n<p>Si l\u2019usuari envia el seu <strong>curr\u00edculum vitae (CV)<\/strong> a trav\u00e9s d\u2019aquest lloc web, li informem que les dades facilitades seran tractades <strong>\u00fanicament<\/strong> per gestionar la seva participaci\u00f3 en <strong>processos de selecci\u00f3 de personal<\/strong>. Aquest tractament inclou l\u2019<strong>an\u00e0lisi del seu perfil<\/strong> amb l\u2019objectiu de seleccionar el candidat m\u00e9s adequat per a les vacants disponibles.<\/p>\n<p>Li informem que aquest \u00e9s <strong>l\u2019\u00fanic procediment oficial<\/strong> per a la recepci\u00f3 de curr\u00edculums, i no s\u2019acceptaran aquells enviats per altres mitjans. En cas que es produeixi alguna modificaci\u00f3 en les seves dades, li preguem que ens ho comuniqui <strong>per escrit el m\u00e9s aviat possible<\/strong> per tal de mantenir-les <strong>actualitzades<\/strong>.<\/p>\n<p>Els curr\u00edculums seran <strong>conservats durant un m\u00e0xim d\u2019un any<\/strong>, despr\u00e9s del qual es procedir\u00e0 a la seva <strong>eliminaci\u00f3 definitiva<\/strong>, garantint la <strong>confidencialitat<\/strong> tant en el tractament com en la seva posterior destrucci\u00f3. Si transcorregut aquest termini vol continuar optant a futures ofertes de feina, haur\u00e0 d\u2019<strong>enviar-nos de nou el seu CV<\/strong>.<\/p>\n<p>Les dades podran ser tractades i\/o comunicades a <strong>empreses del nostre grup<\/strong>, \u00fanicament durant el per\u00edode de conservaci\u00f3 del curr\u00edculum i per a les mateixes finalitats abans esmentades.<\/p>\n<\/div>\n<div>\n<h3 data-start=\"0\" data-end=\"42\"><strong data-start=\"4\" data-end=\"40\">SUBSCRIPCI\u00d3 AL BLOG DE L&#8217;EMPRESA<\/strong><\/h3>\n<p data-start=\"44\" data-end=\"518\">Si l\u2019usuari es <strong data-start=\"59\" data-end=\"79\">subscriu al blog<\/strong>, les dades facilitades seran tractades per <strong data-start=\"123\" data-end=\"156\">gestionar la seva subscripci\u00f3<\/strong> i enviar avisos d\u2019actualitzaci\u00f3. Les dades es conservaran <strong data-start=\"215\" data-end=\"249\">mentre hi hagi un inter\u00e8s mutu<\/strong> en mantenir aquesta finalitat. Quan ja no sigui necessari, es procedir\u00e0 a la seva <strong data-start=\"332\" data-end=\"345\">supressi\u00f3<\/strong> aplicant mesures de seguretat adequades per garantir la <strong data-start=\"402\" data-end=\"440\">seudonimitzaci\u00f3 o destrucci\u00f3 total<\/strong> de les dades. No es comunicaran a tercers, excepte per <strong data-start=\"496\" data-end=\"515\">obligaci\u00f3 legal<\/strong>.<\/p>\n<h3 data-start=\"520\" data-end=\"552\"><strong data-start=\"524\" data-end=\"550\">PARTICIPACI\u00d3 EN F\u00d2RUMS<\/strong><\/h3>\n<p data-start=\"554\" data-end=\"862\">Si l\u2019usuari desitja <strong data-start=\"574\" data-end=\"612\">participar en els f\u00f2rums de la web<\/strong>, les dades facilitades es tractaran per <strong data-start=\"653\" data-end=\"680\">regular la participaci\u00f3<\/strong> en aquests espais. Qualsevol transmissi\u00f3 de dades personals a trav\u00e9s del f\u00f2rum suposa el <strong data-start=\"770\" data-end=\"798\">coneixement i acceptaci\u00f3<\/strong> del <strong data-start=\"803\" data-end=\"817\">Av\u00eds Legal<\/strong> i la <strong data-start=\"823\" data-end=\"849\">Pol\u00edtica de Privacitat<\/strong> de la web.<\/p>\n<p data-start=\"864\" data-end=\"1173\">Les dades es conservaran <strong data-start=\"889\" data-end=\"923\">mentre hi hagi un inter\u00e8s mutu<\/strong> i, quan ja no sigui necessari, es procedir\u00e0 a la seva <strong data-start=\"978\" data-end=\"992\">eliminaci\u00f3<\/strong> seguint protocols de seguretat que garanteixin la <strong data-start=\"1043\" data-end=\"1081\">seudonimitzaci\u00f3 o destrucci\u00f3 total<\/strong>. Les publicacions fetes al f\u00f2rum seran <strong data-start=\"1121\" data-end=\"1145\">visibles p\u00fablicament<\/strong> per a la resta d\u2019usuaris.<\/p>\n<h3 data-start=\"1175\" data-end=\"1209\"><strong data-start=\"1179\" data-end=\"1207\">PUBLICACI\u00d3 DEL TESTIMONI<\/strong><\/h3>\n<p data-start=\"1211\" data-end=\"1428\">Si l\u2019usuari vol <strong data-start=\"1227\" data-end=\"1254\">publicar la seva opini\u00f3<\/strong> a la web, les dades facilitades seran tractades per <strong data-start=\"1307\" data-end=\"1366\">atendre les seves experi\u00e8ncies, suggeriments o opinions<\/strong> sobre els productes i serveis, ajudant aix\u00ed altres usuaris.<\/p>\n<p data-start=\"1430\" data-end=\"1694\">Les dades es conservaran <strong data-start=\"1455\" data-end=\"1489\">mentre hi hagi un inter\u00e8s mutu<\/strong>, i quan ja no sigui necessari, es <strong data-start=\"1524\" data-end=\"1538\">suprimiran<\/strong> seguint mesures de seguretat adequades. Els testimonis es publicaran <strong data-start=\"1608\" data-end=\"1620\">a la web<\/strong>, i l\u2019\u00fanica dada personal que s\u2019hi inclour\u00e0 ser\u00e0 <strong data-start=\"1669\" data-end=\"1679\">el nom<\/strong> de l\u2019usuari.<\/p>\n<h3 data-start=\"1696\" data-end=\"1748\"><strong data-start=\"1700\" data-end=\"1746\">MODIFICACIONS DE LA POL\u00cdTICA DE PRIVACITAT<\/strong><\/h3>\n<p data-start=\"1750\" data-end=\"1894\"><strong data-start=\"1750\" data-end=\"1776\">IBA\u00d1EZ PERALES, ANDR\u00c9S<\/strong> es reserva el dret de <strong data-start=\"1799\" data-end=\"1829\">modificar aquesta pol\u00edtica<\/strong> per adaptar-la a <strong data-start=\"1847\" data-end=\"1891\">novetats legislatives o jurisprudencials<\/strong>.<\/p>\n<\/div>\n<div>\n<h3><strong>CORREUS COMERCIALS<\/strong><\/h3>\n<p>D\u2019acord amb la <strong>Llei de Serveis de la Societat de la Informaci\u00f3 i Comer\u00e7 Electr\u00f2nic (LSSICE)<\/strong>, <strong>IBA\u00d1EZ PERALES, ANDR\u00c9S<\/strong> <strong>no realitza pr\u00e0ctiques de SPAM<\/strong>. Per tant, <strong>no envia correus comercials no sol\u00b7licitats o no autoritzats<\/strong> pr\u00e8viament per l\u2019usuari.<\/p>\n<p>En cada formulari de la web, l\u2019usuari t\u00e9 l\u2019opci\u00f3 de <strong>donar el seu consentiment expr\u00e9s<\/strong> per rebre el <strong>Butllet\u00ed informatiu<\/strong>, independentment de la informaci\u00f3 comercial puntual que pugui sol\u00b7licitar.<\/p>\n<h3><strong>LEGISLACI\u00d3<\/strong><\/h3>\n<p>A tots els efectes, la relaci\u00f3 entre <strong>IBA\u00d1EZ PERALES, ANDR\u00c9S<\/strong> i els usuaris dels seus serveis telem\u00e0tics est\u00e0 sotmesa a la <strong>legislaci\u00f3 i jurisdicci\u00f3 espanyoles<\/strong>. Les parts accepten expressament la compet\u00e8ncia dels <strong>Jutjats i Tribunals de Lleida<\/strong> per a la resoluci\u00f3 de qualsevol conflicte derivat de l\u2019\u00fas d\u2019aquesta p\u00e0gina web.<\/p>\n<\/div>\n","protected":false},"excerpt":{"rendered":"<p>POL\u00cdTICA DE PRIVACITAT En compliment del Cap\u00edtol II de la [&hellip;]<\/p>\n","protected":false},"author":1,"featured_media":0,"parent":0,"menu_order":0,"comment_status":"closed","ping_status":"closed","template":"","meta":{"footnotes":""},"class_list":["post-5264","page","type-page","status-publish","hentry"],"yoast_head":"<!-- This site is optimized with the Yoast SEO plugin v23.9 - https:\/\/yoast.com\/wordpress\/plugins\/seo\/ -->\n<title>Pol\u00edtica de privacitat - Andreu Ib\u00e0\u00f1ez<\/title>\n<meta name=\"robots\" content=\"noindex, follow, max-snippet:-1, max-image-preview:large, max-video-preview:-1\" \/>\n<meta property=\"og:locale\" content=\"ca_ES\" \/>\n<meta property=\"og:type\" content=\"article\" \/>\n<meta property=\"og:title\" content=\"Pol\u00edtica de privacitat - Andreu Ib\u00e0\u00f1ez\" \/>\n<meta property=\"og:description\" content=\"POL\u00cdTICA DE PRIVACITAT En compliment del Cap\u00edtol II de la [&hellip;]\" \/>\n<meta property=\"og:url\" content=\"https:\/\/andreuibanez.es\/ca\/politica-de-privacidad\/\" \/>\n<meta property=\"og:site_name\" content=\"Andreu Ib\u00e0\u00f1ez\" \/>\n<meta property=\"article:modified_time\" content=\"2025-02-19T15:37:19+00:00\" \/>\n<meta name=\"twitter:card\" content=\"summary_large_image\" \/>\n<meta name=\"twitter:label1\" content=\"Temps estimat de lectura\" \/>\n\t<meta name=\"twitter:data1\" content=\"10 minuts\" \/>\n<script type=\"application\/ld+json\" class=\"yoast-schema-graph\">{\"@context\":\"https:\/\/schema.org\",\"@graph\":[{\"@type\":\"WebPage\",\"@id\":\"https:\/\/andreuibanez.es\/ca\/politica-de-privacidad\/\",\"url\":\"https:\/\/andreuibanez.es\/ca\/politica-de-privacidad\/\",\"name\":\"Pol\u00edtica de privacitat - Andreu Ib\u00e0\u00f1ez\",\"isPartOf\":{\"@id\":\"https:\/\/andreuibanez.es\/ca\/#website\"},\"datePublished\":\"2024-11-21T10:55:09+00:00\",\"dateModified\":\"2025-02-19T15:37:19+00:00\",\"breadcrumb\":{\"@id\":\"https:\/\/andreuibanez.es\/ca\/politica-de-privacidad\/#breadcrumb\"},\"inLanguage\":\"ca\",\"potentialAction\":[{\"@type\":\"ReadAction\",\"target\":[\"https:\/\/andreuibanez.es\/ca\/politica-de-privacidad\/\"]}]},{\"@type\":\"BreadcrumbList\",\"@id\":\"https:\/\/andreuibanez.es\/ca\/politica-de-privacidad\/#breadcrumb\",\"itemListElement\":[{\"@type\":\"ListItem\",\"position\":1,\"name\":\"Portada\",\"item\":\"https:\/\/andreuibanez.es\/ca\/\"},{\"@type\":\"ListItem\",\"position\":2,\"name\":\"Pol\u00edtica de privacitat\"}]},{\"@type\":\"WebSite\",\"@id\":\"https:\/\/andreuibanez.es\/ca\/#website\",\"url\":\"https:\/\/andreuibanez.es\/ca\/\",\"name\":\"Andreu Ib\u00e0\u00f1ez\",\"description\":\"Innovaci\u00f3n y Tecnolog\u00eda con Google\",\"potentialAction\":[{\"@type\":\"SearchAction\",\"target\":{\"@type\":\"EntryPoint\",\"urlTemplate\":\"https:\/\/andreuibanez.es\/ca\/?s={search_term_string}\"},\"query-input\":{\"@type\":\"PropertyValueSpecification\",\"valueRequired\":true,\"valueName\":\"search_term_string\"}}],\"inLanguage\":\"ca\"}]}<\/script>\n<!-- \/ Yoast SEO plugin. -->","yoast_head_json":{"title":"Pol\u00edtica de privacitat - Andreu Ib\u00e0\u00f1ez","robots":{"index":"noindex","follow":"follow","max-snippet":"max-snippet:-1","max-image-preview":"max-image-preview:large","max-video-preview":"max-video-preview:-1"},"og_locale":"ca_ES","og_type":"article","og_title":"Pol\u00edtica de privacitat - Andreu Ib\u00e0\u00f1ez","og_description":"POL\u00cdTICA DE PRIVACITAT En compliment del Cap\u00edtol II de la [&hellip;]","og_url":"https:\/\/andreuibanez.es\/ca\/politica-de-privacidad\/","og_site_name":"Andreu Ib\u00e0\u00f1ez","article_modified_time":"2025-02-19T15:37:19+00:00","twitter_card":"summary_large_image","twitter_misc":{"Temps estimat de lectura":"10 minuts"},"schema":{"@context":"https:\/\/schema.org","@graph":[{"@type":"WebPage","@id":"https:\/\/andreuibanez.es\/ca\/politica-de-privacidad\/","url":"https:\/\/andreuibanez.es\/ca\/politica-de-privacidad\/","name":"Pol\u00edtica de privacitat - Andreu Ib\u00e0\u00f1ez","isPartOf":{"@id":"https:\/\/andreuibanez.es\/ca\/#website"},"datePublished":"2024-11-21T10:55:09+00:00","dateModified":"2025-02-19T15:37:19+00:00","breadcrumb":{"@id":"https:\/\/andreuibanez.es\/ca\/politica-de-privacidad\/#breadcrumb"},"inLanguage":"ca","potentialAction":[{"@type":"ReadAction","target":["https:\/\/andreuibanez.es\/ca\/politica-de-privacidad\/"]}]},{"@type":"BreadcrumbList","@id":"https:\/\/andreuibanez.es\/ca\/politica-de-privacidad\/#breadcrumb","itemListElement":[{"@type":"ListItem","position":1,"name":"Portada","item":"https:\/\/andreuibanez.es\/ca\/"},{"@type":"ListItem","position":2,"name":"Pol\u00edtica de privacitat"}]},{"@type":"WebSite","@id":"https:\/\/andreuibanez.es\/ca\/#website","url":"https:\/\/andreuibanez.es\/ca\/","name":"Andreu Ib\u00e0\u00f1ez","description":"Innovaci\u00f3n y Tecnolog\u00eda con Google","potentialAction":[{"@type":"SearchAction","target":{"@type":"EntryPoint","urlTemplate":"https:\/\/andreuibanez.es\/ca\/?s={search_term_string}"},"query-input":{"@type":"PropertyValueSpecification","valueRequired":true,"valueName":"search_term_string"}}],"inLanguage":"ca"}]}},"_links":{"self":[{"href":"https:\/\/andreuibanez.es\/ca\/wp-json\/wp\/v2\/pages\/5264","targetHints":{"allow":["GET"]}}],"collection":[{"href":"https:\/\/andreuibanez.es\/ca\/wp-json\/wp\/v2\/pages"}],"about":[{"href":"https:\/\/andreuibanez.es\/ca\/wp-json\/wp\/v2\/types\/page"}],"author":[{"embeddable":true,"href":"https:\/\/andreuibanez.es\/ca\/wp-json\/wp\/v2\/users\/1"}],"replies":[{"embeddable":true,"href":"https:\/\/andreuibanez.es\/ca\/wp-json\/wp\/v2\/comments?post=5264"}],"version-history":[{"count":3,"href":"https:\/\/andreuibanez.es\/ca\/wp-json\/wp\/v2\/pages\/5264\/revisions"}],"predecessor-version":[{"id":5272,"href":"https:\/\/andreuibanez.es\/ca\/wp-json\/wp\/v2\/pages\/5264\/revisions\/5272"}],"wp:attachment":[{"href":"https:\/\/andreuibanez.es\/ca\/wp-json\/wp\/v2\/media?parent=5264"}],"curies":[{"name":"wp","href":"https:\/\/api.w.org\/{rel}","templated":true}]}}