{"id":5267,"date":"2020-05-06T12:22:15","date_gmt":"2020-05-06T10:22:15","guid":{"rendered":"https:\/\/andreuibanez.es\/proyectos\/"},"modified":"2025-02-19T17:01:36","modified_gmt":"2025-02-19T16:01:36","slug":"projectos","status":"publish","type":"page","link":"https:\/\/andreuibanez.es\/ca\/projectos\/","title":{"rendered":"Projectes"},"content":{"rendered":"<p><div class=\"fusion-fullwidth fullwidth-box fusion-builder-row-1 fusion-flex-container nonhundred-percent-fullwidth non-hundred-percent-height-scrolling\" style=\"--awb-border-radius-top-left:0px;--awb-border-radius-top-right:0px;--awb-border-radius-bottom-right:0px;--awb-border-radius-bottom-left:0px;--awb-padding-top:60px;--awb-padding-bottom:60px;--awb-padding-top-medium:36px;--awb-padding-bottom-medium:20px;--awb-padding-top-small:12px;--awb-padding-bottom-small:0px;--awb-flex-wrap:wrap;\" ><div class=\"fusion-builder-row fusion-row fusion-flex-align-items-flex-start fusion-flex-justify-content-center fusion-flex-content-wrap\" style=\"max-width:1372.8px;margin-left: calc(-4% \/ 2 );margin-right: calc(-4% \/ 2 );\"><div class=\"fusion-layout-column fusion_builder_column fusion-builder-column-0 fusion_builder_column_3_5 3_5 fusion-flex-column fusion-animated\" style=\"--awb-bg-size:cover;--awb-width-large:60%;--awb-margin-top-large:20px;--awb-spacing-right-large:3.2%;--awb-margin-bottom-large:20px;--awb-spacing-left-large:3.2%;--awb-width-medium:80%;--awb-spacing-right-medium:2.4%;--awb-margin-bottom-medium:48px;--awb-spacing-left-medium:2.4%;--awb-width-small:100%;--awb-spacing-right-small:1.92%;--awb-margin-bottom-small:32px;--awb-spacing-left-small:1.92%;\" data-animationType=\"fadeIn\" data-animationDuration=\"1.6\" data-animationOffset=\"top-into-view\"><div class=\"fusion-column-wrapper fusion-column-has-shadow fusion-flex-justify-content-flex-start fusion-content-layout-column\"><div class=\"fusion-title title fusion-title-1 fusion-sep-none fusion-title-center fusion-title-text fusion-title-size-one\"><h1 class=\"fusion-title-heading title-heading-center fusion-responsive-typography-calculated\" style=\"margin:0;--fontSize:72;line-height:var(--awb-typography1-line-height);\">Projectes<\/h1><\/div><\/div><\/div><\/div><\/div><div class=\"fusion-fullwidth fullwidth-box fusion-builder-row-2 fusion-flex-container nonhundred-percent-fullwidth non-hundred-percent-height-scrolling fusion-animated\" style=\"--awb-border-radius-top-left:0px;--awb-border-radius-top-right:0px;--awb-border-radius-bottom-right:0px;--awb-border-radius-bottom-left:0px;--awb-padding-top:4%;--awb-padding-bottom:75px;--awb-flex-wrap:wrap;\" data-animationType=\"fadeInUp\" data-animationDuration=\"1.6\" data-animationOffset=\"top-into-view\" ><div class=\"fusion-builder-row fusion-row fusion-flex-align-items-flex-start fusion-flex-content-wrap\" style=\"max-width:1372.8px;margin-left: calc(-4% \/ 2 );margin-right: calc(-4% \/ 2 );\"><div class=\"fusion-layout-column fusion_builder_column fusion-builder-column-1 fusion_builder_column_1_1 1_1 fusion-flex-column\" style=\"--awb-bg-size:cover;--awb-width-large:100%;--awb-margin-top-large:20px;--awb-spacing-right-large:1.92%;--awb-margin-bottom-large:20px;--awb-spacing-left-large:1.92%;--awb-width-medium:100%;--awb-order-medium:0;--awb-spacing-right-medium:3.84%;--awb-spacing-left-medium:3.84%;--awb-width-small:100%;--awb-order-small:0;--awb-spacing-right-small:1.92%;--awb-spacing-left-small:1.92%;\"><div class=\"fusion-column-wrapper fusion-column-has-shadow fusion-flex-justify-content-flex-start fusion-content-layout-column\"><div class=\"fusion-post-cards fusion-post-cards-1 fusion-grid-archive fusion-post-cards-masonry\" style=\"--awb-column-spacing:48px;--awb-dots-align:center;--awb-columns:2;--awb-active-filter-border-size:3px;--awb-filters-height:36px;--awb-columns-medium:50%;\"><ul class=\"fusion-grid fusion-grid-2 fusion-flex-align-items-flex-start fusion-masonry-posts-cards\"><li class=\"fusion-layout-column fusion_builder_column fusion-builder-column-2 fusion-flex-column fusion-column-inner-bg-wrapper post-card fusion-grid-column fusion-post-cards-grid-column fusion-post-card-masonry\" style=\"--awb-inner-bg-size:cover;--awb-transform:translateY(0px);--awb-transform-hover:translateY(-4px);\"><span class=\"fusion-column-inner-bg hover-type-none\"><a class=\"fusion-column-anchor\" href=\"https:\/\/andreuibanez.es\/ca\/case-study\/dronecoria\/\"><span class=\"fusion-column-inner-bg-image\"><\/span><\/a><\/span><div class=\"fusion-column-wrapper fusion-flex-justify-content-flex-start fusion-content-layout-column\"><div class=\"fusion-image-element \" style=\"--awb-aspect-ratio:2 \/ 1;--awb-caption-title-font-family:var(--h2_typography-font-family);--awb-caption-title-font-weight:var(--h2_typography-font-weight);--awb-caption-title-font-style:var(--h2_typography-font-style);--awb-caption-title-size:var(--h2_typography-font-size);--awb-caption-title-transform:var(--h2_typography-text-transform);--awb-caption-title-line-height:var(--h2_typography-line-height);--awb-caption-title-letter-spacing:var(--h2_typography-letter-spacing);\"><span class=\" fusion-imageframe imageframe-none imageframe-1 hover-type-none has-aspect-ratio\" style=\"border-radius:8px;\"><img decoding=\"async\" width=\"1024\" height=\"683\" title=\"Dronecoria-2-1024&#215;683\" src=\"https:\/\/andreuibanez.es\/wp-content\/uploads\/2024\/10\/Dronecoria-2-1024x683-1.jpg\" data-orig-src=\"https:\/\/andreuibanez.es\/wp-content\/uploads\/2024\/10\/Dronecoria-2-1024x683-1.jpg\" class=\"lazyload img-responsive wp-image-4970 img-with-aspect-ratio\" alt srcset=\"data:image\/svg+xml,%3Csvg%20xmlns%3D%27http%3A%2F%2Fwww.w3.org%2F2000%2Fsvg%27%20width%3D%271024%27%20height%3D%27683%27%20viewBox%3D%270%200%201024%20683%27%3E%3Crect%20width%3D%271024%27%20height%3D%27683%27%20fill-opacity%3D%220%22%2F%3E%3C%2Fsvg%3E\" data-srcset=\"https:\/\/andreuibanez.es\/wp-content\/uploads\/2024\/10\/Dronecoria-2-1024x683-1-200x133.jpg 200w, https:\/\/andreuibanez.es\/wp-content\/uploads\/2024\/10\/Dronecoria-2-1024x683-1-400x267.jpg 400w, https:\/\/andreuibanez.es\/wp-content\/uploads\/2024\/10\/Dronecoria-2-1024x683-1-600x400.jpg 600w, https:\/\/andreuibanez.es\/wp-content\/uploads\/2024\/10\/Dronecoria-2-1024x683-1-800x534.jpg 800w, https:\/\/andreuibanez.es\/wp-content\/uploads\/2024\/10\/Dronecoria-2-1024x683-1.jpg 1024w\" data-sizes=\"auto\" data-orig-sizes=\"(max-width: 640px) 100vw, 1024px\" \/><\/span><\/div><div class=\"fusion-title title fusion-title-2 fusion-sep-none fusion-title-text fusion-title-size-three\" style=\"--awb-margin-top:20px;--awb-margin-top-small:16px;\"><h3 class=\"fusion-title-heading title-heading-left fusion-responsive-typography-calculated\" style=\"margin:0;--fontSize:32;line-height:1.26;\">Dronecoria<\/h3><\/div><div class=\"fusion-text fusion-text-1\" style=\"--awb-font-size:14px;\"><p>El proyecto Dronecoria es una iniciativa de Open Source que utiliza drones para la reforestaci\u00f3n de bosques quemados. Este proyecto refleja mi compromiso con la sostenibilidad y la innovaci\u00f3n tecnol\u00f3gica.<\/p>\n<\/div><\/div><\/li>\n<li class=\"fusion-layout-column fusion_builder_column fusion-builder-column-3 fusion-flex-column fusion-column-inner-bg-wrapper post-card fusion-grid-column fusion-post-cards-grid-column fusion-post-card-masonry\" style=\"--awb-inner-bg-size:cover;--awb-transform:translateY(0px);--awb-transform-hover:translateY(-4px);\"><span class=\"fusion-column-inner-bg hover-type-none\"><a class=\"fusion-column-anchor\" href=\"https:\/\/andreuibanez.es\/ca\/case-study\/projectes-de-open-source\/\"><span class=\"fusion-column-inner-bg-image\"><\/span><\/a><\/span><div class=\"fusion-column-wrapper fusion-flex-justify-content-flex-start fusion-content-layout-column\"><div class=\"fusion-image-element \" style=\"--awb-aspect-ratio:2 \/ 1;--awb-caption-title-font-family:var(--h2_typography-font-family);--awb-caption-title-font-weight:var(--h2_typography-font-weight);--awb-caption-title-font-style:var(--h2_typography-font-style);--awb-caption-title-size:var(--h2_typography-font-size);--awb-caption-title-transform:var(--h2_typography-text-transform);--awb-caption-title-line-height:var(--h2_typography-line-height);--awb-caption-title-letter-spacing:var(--h2_typography-letter-spacing);\"><span class=\" fusion-imageframe imageframe-none imageframe-2 hover-type-none has-aspect-ratio\" style=\"border-radius:8px;\"><img decoding=\"async\" width=\"1951\" height=\"2558\" title=\"Open_Source_Initiative\" src=\"https:\/\/andreuibanez.es\/wp-content\/uploads\/2024\/10\/Open_Source_Initiative.jpg\" data-orig-src=\"https:\/\/andreuibanez.es\/wp-content\/uploads\/2024\/10\/Open_Source_Initiative.jpg\" class=\"lazyload img-responsive wp-image-4969 img-with-aspect-ratio\" alt srcset=\"data:image\/svg+xml,%3Csvg%20xmlns%3D%27http%3A%2F%2Fwww.w3.org%2F2000%2Fsvg%27%20width%3D%271951%27%20height%3D%272558%27%20viewBox%3D%270%200%201951%202558%27%3E%3Crect%20width%3D%271951%27%20height%3D%272558%27%20fill-opacity%3D%220%22%2F%3E%3C%2Fsvg%3E\" data-srcset=\"https:\/\/andreuibanez.es\/wp-content\/uploads\/2024\/10\/Open_Source_Initiative-200x262.jpg 200w, https:\/\/andreuibanez.es\/wp-content\/uploads\/2024\/10\/Open_Source_Initiative-400x524.jpg 400w, https:\/\/andreuibanez.es\/wp-content\/uploads\/2024\/10\/Open_Source_Initiative-600x787.jpg 600w, https:\/\/andreuibanez.es\/wp-content\/uploads\/2024\/10\/Open_Source_Initiative-800x1049.jpg 800w, https:\/\/andreuibanez.es\/wp-content\/uploads\/2024\/10\/Open_Source_Initiative-1200x1573.jpg 1200w, https:\/\/andreuibanez.es\/wp-content\/uploads\/2024\/10\/Open_Source_Initiative.jpg 1951w\" data-sizes=\"auto\" data-orig-sizes=\"(max-width: 640px) 100vw, 1951px\" \/><\/span><\/div><div class=\"fusion-title title fusion-title-3 fusion-sep-none fusion-title-text fusion-title-size-three\" style=\"--awb-margin-top:20px;--awb-margin-top-small:16px;\"><h3 class=\"fusion-title-heading title-heading-left fusion-responsive-typography-calculated\" style=\"margin:0;--fontSize:32;line-height:1.26;\">Projectes de Open Source<\/h3><\/div><div class=\"fusion-text fusion-text-2\" style=\"--awb-font-size:14px;\"><p>He tingut el privilegi de participar en els programes de Google que fomenten el desenvolupament de projectes Open Source. Aix\u00f2 m'ha perm\u00e8s contribuir a la comunitat global de desenvolupadors i empoderar la pr\u00f2xima generaci\u00f3.<\/p>\n<\/div><\/div><\/li>\n<\/ul><\/div><\/div><\/div><\/div><\/div><div class=\"fusion-fullwidth fullwidth-box fusion-builder-row-3 fusion-flex-container nonhundred-percent-fullwidth non-hundred-percent-height-scrolling\" style=\"--link_hover_color: hsla(var(--awb-color1-h),var(--awb-color1-s),var(--awb-color1-l),calc( var(--awb-color1-a) - 10% ));--link_color: var(--awb-color1);--awb-border-radius-top-left:0px;--awb-border-radius-top-right:0px;--awb-border-radius-bottom-right:0px;--awb-border-radius-bottom-left:0px;--awb-padding-top:4%;--awb-padding-bottom:4%;--awb-background-color:var(--awb-color5);--awb-flex-wrap:wrap;\" ><div class=\"fusion-builder-row fusion-row fusion-flex-align-items-center fusion-flex-content-wrap\" style=\"max-width:1372.8px;margin-left: calc(-4% \/ 2 );margin-right: calc(-4% \/ 2 );\"><div class=\"fusion-layout-column fusion_builder_column fusion-builder-column-4 fusion_builder_column_1_1 1_1 fusion-flex-column fusion-animated\" style=\"--awb-bg-size:cover;--awb-width-large:100%;--awb-margin-top-large:20px;--awb-spacing-right-large:1.92%;--awb-margin-bottom-large:20px;--awb-spacing-left-large:1.92%;--awb-width-medium:100%;--awb-spacing-right-medium:1.92%;--awb-spacing-left-medium:1.92%;--awb-width-small:100%;--awb-order-small:0;--awb-spacing-right-small:1.92%;--awb-spacing-left-small:1.92%;\" data-animationType=\"fadeIn\" data-animationDuration=\"1.6\" data-animationOffset=\"top-into-view\"><div class=\"fusion-column-wrapper fusion-column-has-shadow fusion-flex-justify-content-flex-start fusion-content-layout-column\"><div class=\"fusion-title title fusion-title-4 fusion-sep-none fusion-title-center fusion-title-text fusion-title-size-one fusion-animated\" style=\"--awb-text-color:var(--awb-color1);--awb-margin-bottom:36px;--awb-margin-bottom-medium:30px;\" data-animationType=\"fadeInDown\" data-animationDuration=\"1.4\" data-animationOffset=\"top-into-view\"><h1 class=\"fusion-title-heading title-heading-center fusion-responsive-typography-calculated\" style=\"margin:0;--fontSize:72;line-height:var(--awb-typography1-line-height);\"><span style=\"vertical-align: inherit;\"><span style=\"vertical-align: inherit;\">Farem que aix\u00f2 passi<\/span><\/span><\/h1><\/div><div style=\"text-align:center;\"><a class=\"fusion-button button-flat fusion-button-default-size button-custom fusion-button-default button-1 fusion-button-default-span fusion-button-default-type fusion-animated\" style=\"--button_accent_color:var(--awb-color5);--button_border_color:var(--awb-color5);--button_accent_hover_color:var(--awb-color1);--button_border_hover_color:var(--awb-color1);--button_border_width-top:2px;--button_border_width-right:2px;--button_border_width-bottom:2px;--button_border_width-left:2px;--button_gradient_top_color:var(--awb-color1);--button_gradient_bottom_color:var(--awb-color1);--button_gradient_top_color_hover:rgba(233,87,11,0);--button_gradient_bottom_color_hover:rgba(233,87,11,0);--button_margin-bottom:30px;\" data-animationType=\"fadeInLeft\" data-animationDuration=\"1.0\" data-animationOffset=\"top-into-view\" target=\"_self\" href=\"\/contacto\/\"><span class=\"fusion-button-text\">Contacta amb mi<\/span><\/a><\/div><\/div><\/div><\/div><\/div><\/p>\n","protected":false},"excerpt":{"rendered":"","protected":false},"author":1,"featured_media":0,"parent":0,"menu_order":0,"comment_status":"closed","ping_status":"closed","template":"100-width.php","meta":{"footnotes":""},"class_list":["post-5267","page","type-page","status-publish","hentry"],"yoast_head":"<!-- This site is optimized with the Yoast SEO plugin v23.9 - https:\/\/yoast.com\/wordpress\/plugins\/seo\/ -->\n<title>Projectes - Andreu Ib\u00e0\u00f1ez<\/title>\n<meta name=\"robots\" content=\"noindex, follow, max-snippet:-1, max-image-preview:large, max-video-preview:-1\" \/>\n<meta property=\"og:locale\" content=\"ca_ES\" \/>\n<meta property=\"og:type\" content=\"article\" \/>\n<meta property=\"og:title\" content=\"Projectes - Andreu Ib\u00e0\u00f1ez\" \/>\n<meta property=\"og:url\" content=\"https:\/\/andreuibanez.es\/ca\/projectos\/\" \/>\n<meta property=\"og:site_name\" content=\"Andreu Ib\u00e0\u00f1ez\" \/>\n<meta property=\"article:modified_time\" content=\"2025-02-19T16:01:36+00:00\" \/>\n<meta name=\"twitter:card\" content=\"summary_large_image\" \/>\n<meta name=\"twitter:label1\" content=\"Temps estimat de lectura\" \/>\n\t<meta name=\"twitter:data1\" content=\"1 minut\" \/>\n<script type=\"application\/ld+json\" class=\"yoast-schema-graph\">{\"@context\":\"https:\/\/schema.org\",\"@graph\":[{\"@type\":\"WebPage\",\"@id\":\"https:\/\/andreuibanez.es\/ca\/projectos\/\",\"url\":\"https:\/\/andreuibanez.es\/ca\/projectos\/\",\"name\":\"Projectes - Andreu Ib\u00e0\u00f1ez\",\"isPartOf\":{\"@id\":\"https:\/\/andreuibanez.es\/ca\/#website\"},\"datePublished\":\"2020-05-06T10:22:15+00:00\",\"dateModified\":\"2025-02-19T16:01:36+00:00\",\"breadcrumb\":{\"@id\":\"https:\/\/andreuibanez.es\/ca\/projectos\/#breadcrumb\"},\"inLanguage\":\"ca\",\"potentialAction\":[{\"@type\":\"ReadAction\",\"target\":[\"https:\/\/andreuibanez.es\/ca\/projectos\/\"]}]},{\"@type\":\"BreadcrumbList\",\"@id\":\"https:\/\/andreuibanez.es\/ca\/projectos\/#breadcrumb\",\"itemListElement\":[{\"@type\":\"ListItem\",\"position\":1,\"name\":\"Portada\",\"item\":\"https:\/\/andreuibanez.es\/ca\/\"},{\"@type\":\"ListItem\",\"position\":2,\"name\":\"Projectes\"}]},{\"@type\":\"WebSite\",\"@id\":\"https:\/\/andreuibanez.es\/ca\/#website\",\"url\":\"https:\/\/andreuibanez.es\/ca\/\",\"name\":\"Andreu Ib\u00e0\u00f1ez\",\"description\":\"Innovaci\u00f3n y Tecnolog\u00eda con Google\",\"potentialAction\":[{\"@type\":\"SearchAction\",\"target\":{\"@type\":\"EntryPoint\",\"urlTemplate\":\"https:\/\/andreuibanez.es\/ca\/?s={search_term_string}\"},\"query-input\":{\"@type\":\"PropertyValueSpecification\",\"valueRequired\":true,\"valueName\":\"search_term_string\"}}],\"inLanguage\":\"ca\"}]}<\/script>\n<!-- \/ Yoast SEO plugin. -->","yoast_head_json":{"title":"Projectes - Andreu Ib\u00e0\u00f1ez","robots":{"index":"noindex","follow":"follow","max-snippet":"max-snippet:-1","max-image-preview":"max-image-preview:large","max-video-preview":"max-video-preview:-1"},"og_locale":"ca_ES","og_type":"article","og_title":"Projectes - Andreu Ib\u00e0\u00f1ez","og_url":"https:\/\/andreuibanez.es\/ca\/projectos\/","og_site_name":"Andreu Ib\u00e0\u00f1ez","article_modified_time":"2025-02-19T16:01:36+00:00","twitter_card":"summary_large_image","twitter_misc":{"Temps estimat de lectura":"1 minut"},"schema":{"@context":"https:\/\/schema.org","@graph":[{"@type":"WebPage","@id":"https:\/\/andreuibanez.es\/ca\/projectos\/","url":"https:\/\/andreuibanez.es\/ca\/projectos\/","name":"Projectes - Andreu Ib\u00e0\u00f1ez","isPartOf":{"@id":"https:\/\/andreuibanez.es\/ca\/#website"},"datePublished":"2020-05-06T10:22:15+00:00","dateModified":"2025-02-19T16:01:36+00:00","breadcrumb":{"@id":"https:\/\/andreuibanez.es\/ca\/projectos\/#breadcrumb"},"inLanguage":"ca","potentialAction":[{"@type":"ReadAction","target":["https:\/\/andreuibanez.es\/ca\/projectos\/"]}]},{"@type":"BreadcrumbList","@id":"https:\/\/andreuibanez.es\/ca\/projectos\/#breadcrumb","itemListElement":[{"@type":"ListItem","position":1,"name":"Portada","item":"https:\/\/andreuibanez.es\/ca\/"},{"@type":"ListItem","position":2,"name":"Projectes"}]},{"@type":"WebSite","@id":"https:\/\/andreuibanez.es\/ca\/#website","url":"https:\/\/andreuibanez.es\/ca\/","name":"Andreu Ib\u00e0\u00f1ez","description":"Innovaci\u00f3n y Tecnolog\u00eda con Google","potentialAction":[{"@type":"SearchAction","target":{"@type":"EntryPoint","urlTemplate":"https:\/\/andreuibanez.es\/ca\/?s={search_term_string}"},"query-input":{"@type":"PropertyValueSpecification","valueRequired":true,"valueName":"search_term_string"}}],"inLanguage":"ca"}]}},"_links":{"self":[{"href":"https:\/\/andreuibanez.es\/ca\/wp-json\/wp\/v2\/pages\/5267","targetHints":{"allow":["GET"]}}],"collection":[{"href":"https:\/\/andreuibanez.es\/ca\/wp-json\/wp\/v2\/pages"}],"about":[{"href":"https:\/\/andreuibanez.es\/ca\/wp-json\/wp\/v2\/types\/page"}],"author":[{"embeddable":true,"href":"https:\/\/andreuibanez.es\/ca\/wp-json\/wp\/v2\/users\/1"}],"replies":[{"embeddable":true,"href":"https:\/\/andreuibanez.es\/ca\/wp-json\/wp\/v2\/comments?post=5267"}],"version-history":[{"count":5,"href":"https:\/\/andreuibanez.es\/ca\/wp-json\/wp\/v2\/pages\/5267\/revisions"}],"predecessor-version":[{"id":5274,"href":"https:\/\/andreuibanez.es\/ca\/wp-json\/wp\/v2\/pages\/5267\/revisions\/5274"}],"wp:attachment":[{"href":"https:\/\/andreuibanez.es\/ca\/wp-json\/wp\/v2\/media?parent=5267"}],"curies":[{"name":"wp","href":"https:\/\/api.w.org\/{rel}","templated":true}]}}