{"id":5279,"date":"2024-11-19T13:43:58","date_gmt":"2024-11-19T12:43:58","guid":{"rendered":"https:\/\/andreuibanez.es\/streaming-podcast\/"},"modified":"2025-02-19T16:58:50","modified_gmt":"2025-02-19T15:58:50","slug":"streaming-podcast","status":"publish","type":"page","link":"https:\/\/andreuibanez.es\/ca\/streaming-podcast\/","title":{"rendered":"Streaming &#038; Podcast"},"content":{"rendered":"<p><div class=\"fusion-fullwidth fullwidth-box fusion-builder-row-1 fusion-flex-container nonhundred-percent-fullwidth non-hundred-percent-height-scrolling\" style=\"--awb-border-radius-top-left:0px;--awb-border-radius-top-right:0px;--awb-border-radius-bottom-right:0px;--awb-border-radius-bottom-left:0px;--awb-padding-top:48px;--awb-padding-bottom:60px;--awb-padding-top-medium:36px;--awb-padding-bottom-medium:42px;--awb-padding-top-small:12px;--awb-padding-bottom-small:40px;--awb-min-height:700px;--awb-flex-wrap:wrap;\" ><div class=\"fusion-builder-row fusion-row fusion-flex-align-items-center fusion-flex-justify-content-center fusion-flex-content-wrap\" style=\"max-width:1372.8px;margin-left: calc(-4% \/ 2 );margin-right: calc(-4% \/ 2 );\"><div class=\"fusion-layout-column fusion_builder_column fusion-builder-column-0 fusion_builder_column_1_2 1_2 fusion-flex-column fusion-animated\" style=\"--awb-bg-size:cover;--awb-width-large:50%;--awb-margin-top-large:10px;--awb-spacing-right-large:3.84%;--awb-margin-bottom-large:0px;--awb-spacing-left-large:3.84%;--awb-width-medium:80%;--awb-spacing-right-medium:2.4%;--awb-margin-bottom-medium:48px;--awb-spacing-left-medium:2.4%;--awb-width-small:100%;--awb-spacing-right-small:1.92%;--awb-margin-bottom-small:32px;--awb-spacing-left-small:1.92%;\" data-animationType=\"fadeIn\" data-animationDuration=\"1.6\" data-animationOffset=\"top-into-view\"><div class=\"fusion-column-wrapper fusion-column-has-shadow fusion-flex-justify-content-flex-start fusion-content-layout-column\"><div class=\"fusion-title title fusion-title-1 fusion-sep-none fusion-title-center fusion-title-text fusion-title-size-one\"><h1 class=\"fusion-title-heading title-heading-center fusion-responsive-typography-calculated\" style=\"margin:0;--fontSize:72;line-height:var(--awb-typography1-line-height);\"><strong><span style=\"vertical-align: inherit;\"><span style=\"vertical-align: inherit;\">Streaming &amp; Podcast:<\/span><\/span><\/strong><span style=\"vertical-align: inherit;\"><span style=\"vertical-align: inherit;\"> Connecta amb la Innovaci\u00f3<\/span><\/span><\/h1><\/div><div class=\"fusion-text fusion-text-1\" style=\"--awb-content-alignment:center;--awb-font-size:18pxx;--awb-line-height:1.4em;--awb-letter-spacing:-0.02em;\"><p><span style=\"vertical-align: inherit;\"><span style=\"vertical-align: inherit;\">En aquesta p\u00e0gina trobareu les produccions de v\u00eddeo en l\u00ednia que estic creant o col\u00b7laborant des dels diferents projectes i comunitats en qu\u00e8 participo.<\/span><\/span><\/p>\n<div><span style=\"vertical-align: inherit;\"><span style=\"vertical-align: inherit;\">Els continguts estan normalment disponibles a Youtube\u00a0 <\/span><\/span><a href=\"https:\/\/www.youtube.com\/c\/AndreuIb%C3%A1%C3%B1ez\/videos\"><span style=\"vertical-align: inherit;\"><span style=\"vertical-align: inherit;\">al meu canal<\/span><\/span><\/a><span style=\"vertical-align: inherit;\"><span style=\"vertical-align: inherit;\"> \u00a0o el del\u00a0 <\/span><\/span><a href=\"https:\/\/www.youtube.com\/c\/GDGSpain\/videos\"><span style=\"vertical-align: inherit;\"><span style=\"vertical-align: inherit;\">GDG Spain<\/span><\/span><\/a><span style=\"vertical-align: inherit;\"><span style=\"vertical-align: inherit;\"> , i als principals Podcast catchers per a la versi\u00f3 d&#8217;\u00e0udio sol.<\/span><\/span><\/div>\n<\/div><\/div><\/div><div class=\"fusion-layout-column fusion_builder_column fusion-builder-column-1 fusion_builder_column_1_2 1_2 fusion-flex-column fusion-animated\" style=\"--awb-bg-size:cover;--awb-width-large:50%;--awb-margin-top-large:20px;--awb-spacing-right-large:3.84%;--awb-margin-bottom-large:20px;--awb-spacing-left-large:3.84%;--awb-width-medium:50%;--awb-order-medium:0;--awb-spacing-right-medium:3.84%;--awb-spacing-left-medium:3.84%;--awb-width-small:100%;--awb-order-small:0;--awb-spacing-right-small:1.92%;--awb-spacing-left-small:1.92%;\" data-animationType=\"fadeInRight\" data-animationDuration=\"1.6\" data-animationDelay=\"0.2\" data-animationOffset=\"top-into-view\"><div class=\"fusion-column-wrapper fusion-column-has-shadow fusion-flex-justify-content-flex-start fusion-content-layout-column\"><div class=\"fusion-image-element \" style=\"--awb-caption-title-font-family:var(--h2_typography-font-family);--awb-caption-title-font-weight:var(--h2_typography-font-weight);--awb-caption-title-font-style:var(--h2_typography-font-style);--awb-caption-title-size:var(--h2_typography-font-size);--awb-caption-title-transform:var(--h2_typography-text-transform);--awb-caption-title-line-height:var(--h2_typography-line-height);--awb-caption-title-letter-spacing:var(--h2_typography-letter-spacing);\"><span class=\" fusion-imageframe imageframe-none imageframe-1 hover-type-none\" style=\"border-radius:8px;\"><img decoding=\"async\" width=\"640\" height=\"360\" title=\"andreu s tv logo\" src=\"https:\/\/andreuibanez.es\/wp-content\/uploads\/2024\/11\/andreu-s-tv-logo.png\" data-orig-src=\"https:\/\/andreuibanez.es\/wp-content\/uploads\/2024\/11\/andreu-s-tv-logo.png\" alt class=\"lazyload img-responsive wp-image-5044\" srcset=\"data:image\/svg+xml,%3Csvg%20xmlns%3D%27http%3A%2F%2Fwww.w3.org%2F2000%2Fsvg%27%20width%3D%27640%27%20height%3D%27360%27%20viewBox%3D%270%200%20640%20360%27%3E%3Crect%20width%3D%27640%27%20height%3D%27360%27%20fill-opacity%3D%220%22%2F%3E%3C%2Fsvg%3E\" data-srcset=\"https:\/\/andreuibanez.es\/wp-content\/uploads\/2024\/11\/andreu-s-tv-logo-200x113.png 200w, https:\/\/andreuibanez.es\/wp-content\/uploads\/2024\/11\/andreu-s-tv-logo-400x225.png 400w, https:\/\/andreuibanez.es\/wp-content\/uploads\/2024\/11\/andreu-s-tv-logo-600x338.png 600w, https:\/\/andreuibanez.es\/wp-content\/uploads\/2024\/11\/andreu-s-tv-logo.png 640w\" data-sizes=\"auto\" data-orig-sizes=\"(max-width: 640px) 100vw, 640px\" \/><\/span><\/div><\/div><\/div><\/div><\/div><div class=\"fusion-fullwidth fullwidth-box fusion-builder-row-2 fusion-flex-container nonhundred-percent-fullwidth non-hundred-percent-height-scrolling\" style=\"--awb-border-radius-top-left:0px;--awb-border-radius-top-right:0px;--awb-border-radius-bottom-right:0px;--awb-border-radius-bottom-left:0px;--awb-padding-top:4%;--awb-padding-bottom:4%;--awb-padding-top-medium:10px;--awb-padding-bottom-medium:24px;--awb-padding-top-small:0px;--awb-padding-bottom-small:40px;--awb-flex-wrap:wrap;\" ><div class=\"fusion-builder-row fusion-row fusion-flex-align-items-flex-start fusion-flex-content-wrap\" style=\"max-width:1372.8px;margin-left: calc(-4% \/ 2 );margin-right: calc(-4% \/ 2 );\"><div class=\"fusion-layout-column fusion_builder_column fusion-builder-column-2 fusion_builder_column_1_2 1_2 fusion-flex-column fusion-animated\" style=\"--awb-bg-size:cover;--awb-width-large:50%;--awb-margin-top-large:20px;--awb-spacing-right-large:11.52%;--awb-margin-bottom-large:20px;--awb-spacing-left-large:11.52%;--awb-width-medium:50%;--awb-spacing-right-medium:3.84%;--awb-spacing-left-medium:3.84%;--awb-width-small:100%;--awb-spacing-right-small:1.92%;--awb-spacing-left-small:1.92%;\" data-animationType=\"fadeInLeft\" data-animationDuration=\"1.6\" data-animationOffset=\"top-into-view\"><div class=\"fusion-column-wrapper fusion-column-has-shadow fusion-flex-justify-content-flex-start fusion-content-layout-column\"><div class=\"fusion-title title fusion-title-2 fusion-sep-none fusion-title-text fusion-title-size-three\" style=\"--awb-margin-bottom:42px;--awb-margin-bottom-medium:24px;\"><h3 class=\"fusion-title-heading title-heading-left fusion-responsive-typography-calculated\" style=\"margin:0;--fontSize:32;line-height:1.26;\"><span style=\"vertical-align: inherit;\"><span style=\"vertical-align: inherit;\">Graella General de continguts peri\u00f2dics<\/span><\/span><\/h3><\/div><div class=\"fusion-text fusion-text-2 sm-text-align-center\"><p><a href=\"https:\/\/blog.gdg.es\/search\/label\/Podcast%20GDG%20Spain\"><span style=\"vertical-align: inherit;\"><span style=\"vertical-align: inherit;\">GDG Spain Podcast<\/span><\/span><\/a><br \/>\n<span style=\"vertical-align: inherit;\"><span style=\"vertical-align: inherit;\"> El podcast principal del GDG Spain, comunitat de developers de Google d&#8217;Espanya, de la qual s\u00f3c coorganitzador. Amb Laura Morillo, Orestes Carracedo, Mario Ezquerro i Andreu Ib\u00e1\u00f1ez.<\/span><\/span><\/p>\n<p><a href=\"https:\/\/blog.gdg.es\/search\/label\/BITS\"><span style=\"vertical-align: inherit;\"><span style=\"vertical-align: inherit;\">GDG Spain BITS<\/span><\/span><\/a><br \/>\n<span style=\"vertical-align: inherit;\"><span style=\"vertical-align: inherit;\"> Petites pastilles de 15 minuts sobre temes concrets propers a la comunitat. Per l&#8217;equip del GDG Spain Podcast.<\/span><\/span><\/p>\n<p><a href=\"https:\/\/blog.gdg.es\/search\/label\/XR%20Devfest%20Podcast\"><span style=\"vertical-align: inherit;\"><span style=\"vertical-align: inherit;\">XR Devfest Podcast<\/span><\/span><\/a><br \/>\n<span style=\"vertical-align: inherit;\"><span style=\"vertical-align: inherit;\"> El Podcast sobre les realitats virtuals i augmentades del GDG Spain, amb Cynthia G\u00e1lvez, Alejandro Lanchas i Andreu Ib\u00e1\u00f1ez.<\/span><\/span><\/p>\n<p><a href=\"https:\/\/blog.gdg.es\/search\/label\/Podcast%20Cloud%20Espa%C3%B1ol\"><span style=\"vertical-align: inherit;\"><span style=\"vertical-align: inherit;\">Cloud Catal\u00e0 Podcast<\/span><\/span><\/a><br \/>\n<span style=\"vertical-align: inherit;\"><span style=\"vertical-align: inherit;\"> El Podcast sobre els temes de Cloud. Desenvolupat per Mario Ezquerro, Laura Morillo i Andreu Ib\u00e1\u00f1ez.<\/span><\/span><\/p>\n<div>\n<p><a href=\"https:\/\/www.liquidgalaxy.eu\/2020\/08\/gciers-podcast.html\"><span style=\"vertical-align: inherit;\"><span style=\"vertical-align: inherit;\">GCiers Podcast<\/span><\/span><\/a><br \/>\n<span style=\"vertical-align: inherit;\"><span style=\"vertical-align: inherit;\"> El Podcast de la comunitat mundial del projecte Open Source Liquid Galaxy. Amb Merul Dhiman, Emilie Ma, Janiru Hettiarachchi, Jan Accensi i Andreu Ib\u00e1\u00f1ez.<\/span><\/span><\/p>\n<p><a href=\"https:\/\/blog.gdg.es\/search\/label\/DSC%20Spain%20Podcast\"><span style=\"vertical-align: inherit;\"><span style=\"vertical-align: inherit;\">DSC Spain Podcast<\/span><\/span><\/a><br \/>\n<span style=\"vertical-align: inherit;\"><span style=\"vertical-align: inherit;\"> El Podcast de la comunitat dels Developer Student Clubs de Google a Espanya. Amb Maria Jos\u00e9 Castrill\u00f3n, Irene Ruiz, Vladyslav M, Juan Antonio M\u00e1iquez, Hugo Mart\u00ednez i Andreu Ib\u00e1\u00f1ez<\/span><\/span><\/p>\n<p><a href=\"https:\/\/blog.gdg.es\/search\/label\/Developar%27s%20Caf%C3%A9\"><span style=\"vertical-align: inherit;\"><span style=\"vertical-align: inherit;\">DevelopAr&#8217;s Caf\u00e8<\/span><\/span><\/a><br \/>\n<span style=\"vertical-align: inherit;\"><span style=\"vertical-align: inherit;\"> El Podcast de format m\u00e9s intimista, amb entrevistes a personatges de les comunitats. Creat i presentat a mitges per Nicol\u00e1s Patarino i Andreu Ib\u00e1\u00f1ez<\/span><\/span><\/p>\n<\/div>\n<p><a href=\"https:\/\/www.ponentaerospace.com\/2021\/01\/pera-podcast.html\"><span style=\"vertical-align: inherit;\"><span style=\"vertical-align: inherit;\">PERA Podcast<\/span><\/span><\/a><br \/>\n<span style=\"vertical-align: inherit;\"><span style=\"vertical-align: inherit;\"> El Podcast de la comunitat Ponent Aerospace.<\/span><\/span><\/p>\n<p><a href=\"http:\/\/dronecoria.org\/\"><span style=\"vertical-align: inherit;\"><span style=\"vertical-align: inherit;\">Llavors i Drons<\/span><\/span><\/a><br \/>\n<span style=\"vertical-align: inherit;\"><span style=\"vertical-align: inherit;\"> El Podcast de la comunitat Dronecoria<\/span><\/span><\/p>\n<p><a href=\"https:\/\/www.womentechmakerslleida.com\/\"><span style=\"vertical-align: inherit;\"><span style=\"vertical-align: inherit;\">WTM Lleida<\/span><\/span><br \/>\n<\/a><span style=\"vertical-align: inherit;\"><span style=\"vertical-align: inherit;\"> El Podcast de la comunitat WomemTechMakers Lleida<\/span><\/span><\/p>\n<p><b><a href=\"https:\/\/blog.gdg.es\/search\/label\/The%20GDE%20Show\"><span style=\"vertical-align: inherit;\"><span style=\"vertical-align: inherit;\">The GDE Show<\/span><\/span><\/a><\/b><br \/>\n<span style=\"vertical-align: inherit;\"><span style=\"vertical-align: inherit;\"> El Podcast dels Google Developers Experts<\/span><\/span><\/p>\n<\/div><\/div><\/div><div class=\"fusion-layout-column fusion_builder_column fusion-builder-column-3 awb-sticky awb-sticky-small awb-sticky-medium awb-sticky-large fusion_builder_column_1_2 1_2 fusion-flex-column fusion-animated\" style=\"--awb-bg-size:cover;--awb-width-large:50%;--awb-margin-top-large:20px;--awb-spacing-right-large:7.68%;--awb-margin-bottom-large:20px;--awb-spacing-left-large:3.84%;--awb-width-medium:50%;--awb-order-medium:0;--awb-spacing-right-medium:7.68%;--awb-spacing-left-medium:3.84%;--awb-width-small:100%;--awb-order-small:0;--awb-spacing-right-small:1.92%;--awb-spacing-left-small:1.92%;--awb-sticky-offset:150px;\" data-animationType=\"fadeIn\" data-animationDuration=\"1.6\" data-animationOffset=\"top-into-view\"><div class=\"fusion-column-wrapper fusion-column-has-shadow fusion-flex-justify-content-flex-start fusion-content-layout-column\"><div class=\"fusion-image-element \" style=\"--awb-caption-title-font-family:var(--h2_typography-font-family);--awb-caption-title-font-weight:var(--h2_typography-font-weight);--awb-caption-title-font-style:var(--h2_typography-font-style);--awb-caption-title-size:var(--h2_typography-font-size);--awb-caption-title-transform:var(--h2_typography-text-transform);--awb-caption-title-line-height:var(--h2_typography-line-height);--awb-caption-title-letter-spacing:var(--h2_typography-letter-spacing);\"><span class=\" fusion-imageframe imageframe-none imageframe-2 hover-type-none\" style=\"border-radius:8px;\"><img decoding=\"async\" width=\"640\" height=\"410\" title=\"2021-01-19 12_44_35-logos podcasts &#8211; Dibujos de Google\" src=\"https:\/\/andreuibanez.es\/wp-content\/uploads\/2024\/11\/2021-01-19-12_44_35-logos-podcasts-Dibujos-de-Google.png\" data-orig-src=\"https:\/\/andreuibanez.es\/wp-content\/uploads\/2024\/11\/2021-01-19-12_44_35-logos-podcasts-Dibujos-de-Google.png\" alt class=\"lazyload img-responsive wp-image-5045\" srcset=\"data:image\/svg+xml,%3Csvg%20xmlns%3D%27http%3A%2F%2Fwww.w3.org%2F2000%2Fsvg%27%20width%3D%27640%27%20height%3D%27410%27%20viewBox%3D%270%200%20640%20410%27%3E%3Crect%20width%3D%27640%27%20height%3D%27410%27%20fill-opacity%3D%220%22%2F%3E%3C%2Fsvg%3E\" data-srcset=\"https:\/\/andreuibanez.es\/wp-content\/uploads\/2024\/11\/2021-01-19-12_44_35-logos-podcasts-Dibujos-de-Google-200x128.png 200w, https:\/\/andreuibanez.es\/wp-content\/uploads\/2024\/11\/2021-01-19-12_44_35-logos-podcasts-Dibujos-de-Google-400x256.png 400w, https:\/\/andreuibanez.es\/wp-content\/uploads\/2024\/11\/2021-01-19-12_44_35-logos-podcasts-Dibujos-de-Google-600x384.png 600w, https:\/\/andreuibanez.es\/wp-content\/uploads\/2024\/11\/2021-01-19-12_44_35-logos-podcasts-Dibujos-de-Google.png 640w\" data-sizes=\"auto\" data-orig-sizes=\"(max-width: 640px) 100vw, 600px\" \/><\/span><\/div><\/div><\/div><\/div><\/div><div class=\"fusion-fullwidth fullwidth-box fusion-builder-row-3 fusion-flex-container nonhundred-percent-fullwidth non-hundred-percent-height-scrolling\" style=\"--link_hover_color: hsla(var(--awb-color1-h),var(--awb-color1-s),var(--awb-color1-l),calc( var(--awb-color1-a) - 10% ));--link_color: var(--awb-color1);--awb-border-radius-top-left:0px;--awb-border-radius-top-right:0px;--awb-border-radius-bottom-right:0px;--awb-border-radius-bottom-left:0px;--awb-padding-top:4%;--awb-padding-bottom:4%;--awb-background-color:var(--awb-color5);--awb-flex-wrap:wrap;\" ><div class=\"fusion-builder-row fusion-row fusion-flex-align-items-center fusion-flex-content-wrap\" style=\"max-width:1372.8px;margin-left: calc(-4% \/ 2 );margin-right: calc(-4% \/ 2 );\"><div class=\"fusion-layout-column fusion_builder_column fusion-builder-column-4 fusion_builder_column_1_1 1_1 fusion-flex-column fusion-animated\" style=\"--awb-bg-size:cover;--awb-width-large:100%;--awb-margin-top-large:20px;--awb-spacing-right-large:1.92%;--awb-margin-bottom-large:20px;--awb-spacing-left-large:1.92%;--awb-width-medium:100%;--awb-spacing-right-medium:1.92%;--awb-spacing-left-medium:1.92%;--awb-width-small:100%;--awb-order-small:0;--awb-spacing-right-small:1.92%;--awb-spacing-left-small:1.92%;\" data-animationType=\"fadeIn\" data-animationDuration=\"1.6\" data-animationOffset=\"top-into-view\"><div class=\"fusion-column-wrapper fusion-column-has-shadow fusion-flex-justify-content-flex-start fusion-content-layout-column\"><div class=\"fusion-title title fusion-title-3 fusion-sep-none fusion-title-center fusion-title-text fusion-title-size-one fusion-animated\" style=\"--awb-text-color:var(--awb-color1);--awb-margin-bottom:36px;--awb-margin-bottom-medium:30px;\" data-animationType=\"fadeInDown\" data-animationDuration=\"1.4\" data-animationOffset=\"top-into-view\"><h1 class=\"fusion-title-heading title-heading-center fusion-responsive-typography-calculated\" style=\"margin:0;--fontSize:72;line-height:var(--awb-typography1-line-height);\"><span style=\"vertical-align: inherit;\"><span style=\"vertical-align: inherit;\">Farem que aix\u00f2 passi<\/span><\/span><\/h1><\/div><div style=\"text-align:center;\"><a class=\"fusion-button button-flat fusion-button-default-size button-custom fusion-button-default button-1 fusion-button-default-span fusion-button-default-type fusion-animated\" style=\"--button_accent_color:var(--awb-color5);--button_border_color:var(--awb-color5);--button_accent_hover_color:var(--awb-color1);--button_border_hover_color:var(--awb-color1);--button_border_width-top:2px;--button_border_width-right:2px;--button_border_width-bottom:2px;--button_border_width-left:2px;--button_gradient_top_color:var(--awb-color1);--button_gradient_bottom_color:var(--awb-color1);--button_gradient_top_color_hover:rgba(233,87,11,0);--button_gradient_bottom_color_hover:rgba(233,87,11,0);--button_margin-bottom:30px;\" data-animationType=\"fadeInLeft\" data-animationDuration=\"1.0\" data-animationOffset=\"top-into-view\" target=\"_self\" href=\"https:\/\/andreuibanez.es\/ca\/contacte\/\"><span class=\"fusion-button-text\">Contacta amb mi<\/span><\/a><\/div><\/div><\/div><\/div><\/div><\/p>\n","protected":false},"excerpt":{"rendered":"","protected":false},"author":1,"featured_media":0,"parent":0,"menu_order":0,"comment_status":"closed","ping_status":"closed","template":"100-width.php","meta":{"footnotes":""},"class_list":["post-5279","page","type-page","status-publish","hentry"],"yoast_head":"<!-- This site is optimized with the Yoast SEO plugin v23.9 - https:\/\/yoast.com\/wordpress\/plugins\/seo\/ -->\n<title>Streaming &amp; Podcast - Andreu Ib\u00e0\u00f1ez<\/title>\n<meta name=\"robots\" content=\"noindex, follow, max-snippet:-1, max-image-preview:large, max-video-preview:-1\" \/>\n<meta property=\"og:locale\" content=\"ca_ES\" \/>\n<meta property=\"og:type\" content=\"article\" \/>\n<meta property=\"og:title\" content=\"Streaming &amp; Podcast - Andreu Ib\u00e0\u00f1ez\" \/>\n<meta property=\"og:url\" content=\"https:\/\/andreuibanez.es\/ca\/streaming-podcast\/\" \/>\n<meta property=\"og:site_name\" content=\"Andreu Ib\u00e0\u00f1ez\" \/>\n<meta property=\"article:modified_time\" content=\"2025-02-19T15:58:50+00:00\" \/>\n<meta name=\"twitter:card\" content=\"summary_large_image\" \/>\n<meta name=\"twitter:label1\" content=\"Temps estimat de lectura\" \/>\n\t<meta name=\"twitter:data1\" content=\"2 minuts\" \/>\n<script type=\"application\/ld+json\" class=\"yoast-schema-graph\">{\"@context\":\"https:\/\/schema.org\",\"@graph\":[{\"@type\":\"WebPage\",\"@id\":\"https:\/\/andreuibanez.es\/ca\/streaming-podcast\/\",\"url\":\"https:\/\/andreuibanez.es\/ca\/streaming-podcast\/\",\"name\":\"Streaming & Podcast - Andreu Ib\u00e0\u00f1ez\",\"isPartOf\":{\"@id\":\"https:\/\/andreuibanez.es\/ca\/#website\"},\"datePublished\":\"2024-11-19T12:43:58+00:00\",\"dateModified\":\"2025-02-19T15:58:50+00:00\",\"breadcrumb\":{\"@id\":\"https:\/\/andreuibanez.es\/ca\/streaming-podcast\/#breadcrumb\"},\"inLanguage\":\"ca\",\"potentialAction\":[{\"@type\":\"ReadAction\",\"target\":[\"https:\/\/andreuibanez.es\/ca\/streaming-podcast\/\"]}]},{\"@type\":\"BreadcrumbList\",\"@id\":\"https:\/\/andreuibanez.es\/ca\/streaming-podcast\/#breadcrumb\",\"itemListElement\":[{\"@type\":\"ListItem\",\"position\":1,\"name\":\"Portada\",\"item\":\"https:\/\/andreuibanez.es\/ca\/\"},{\"@type\":\"ListItem\",\"position\":2,\"name\":\"Streaming &#038; Podcast\"}]},{\"@type\":\"WebSite\",\"@id\":\"https:\/\/andreuibanez.es\/ca\/#website\",\"url\":\"https:\/\/andreuibanez.es\/ca\/\",\"name\":\"Andreu Ib\u00e0\u00f1ez\",\"description\":\"Innovaci\u00f3n y Tecnolog\u00eda con Google\",\"potentialAction\":[{\"@type\":\"SearchAction\",\"target\":{\"@type\":\"EntryPoint\",\"urlTemplate\":\"https:\/\/andreuibanez.es\/ca\/?s={search_term_string}\"},\"query-input\":{\"@type\":\"PropertyValueSpecification\",\"valueRequired\":true,\"valueName\":\"search_term_string\"}}],\"inLanguage\":\"ca\"}]}<\/script>\n<!-- \/ Yoast SEO plugin. -->","yoast_head_json":{"title":"Streaming & Podcast - Andreu Ib\u00e0\u00f1ez","robots":{"index":"noindex","follow":"follow","max-snippet":"max-snippet:-1","max-image-preview":"max-image-preview:large","max-video-preview":"max-video-preview:-1"},"og_locale":"ca_ES","og_type":"article","og_title":"Streaming & Podcast - Andreu Ib\u00e0\u00f1ez","og_url":"https:\/\/andreuibanez.es\/ca\/streaming-podcast\/","og_site_name":"Andreu Ib\u00e0\u00f1ez","article_modified_time":"2025-02-19T15:58:50+00:00","twitter_card":"summary_large_image","twitter_misc":{"Temps estimat de lectura":"2 minuts"},"schema":{"@context":"https:\/\/schema.org","@graph":[{"@type":"WebPage","@id":"https:\/\/andreuibanez.es\/ca\/streaming-podcast\/","url":"https:\/\/andreuibanez.es\/ca\/streaming-podcast\/","name":"Streaming & Podcast - Andreu Ib\u00e0\u00f1ez","isPartOf":{"@id":"https:\/\/andreuibanez.es\/ca\/#website"},"datePublished":"2024-11-19T12:43:58+00:00","dateModified":"2025-02-19T15:58:50+00:00","breadcrumb":{"@id":"https:\/\/andreuibanez.es\/ca\/streaming-podcast\/#breadcrumb"},"inLanguage":"ca","potentialAction":[{"@type":"ReadAction","target":["https:\/\/andreuibanez.es\/ca\/streaming-podcast\/"]}]},{"@type":"BreadcrumbList","@id":"https:\/\/andreuibanez.es\/ca\/streaming-podcast\/#breadcrumb","itemListElement":[{"@type":"ListItem","position":1,"name":"Portada","item":"https:\/\/andreuibanez.es\/ca\/"},{"@type":"ListItem","position":2,"name":"Streaming &#038; Podcast"}]},{"@type":"WebSite","@id":"https:\/\/andreuibanez.es\/ca\/#website","url":"https:\/\/andreuibanez.es\/ca\/","name":"Andreu Ib\u00e0\u00f1ez","description":"Innovaci\u00f3n y Tecnolog\u00eda con Google","potentialAction":[{"@type":"SearchAction","target":{"@type":"EntryPoint","urlTemplate":"https:\/\/andreuibanez.es\/ca\/?s={search_term_string}"},"query-input":{"@type":"PropertyValueSpecification","valueRequired":true,"valueName":"search_term_string"}}],"inLanguage":"ca"}]}},"_links":{"self":[{"href":"https:\/\/andreuibanez.es\/ca\/wp-json\/wp\/v2\/pages\/5279","targetHints":{"allow":["GET"]}}],"collection":[{"href":"https:\/\/andreuibanez.es\/ca\/wp-json\/wp\/v2\/pages"}],"about":[{"href":"https:\/\/andreuibanez.es\/ca\/wp-json\/wp\/v2\/types\/page"}],"author":[{"embeddable":true,"href":"https:\/\/andreuibanez.es\/ca\/wp-json\/wp\/v2\/users\/1"}],"replies":[{"embeddable":true,"href":"https:\/\/andreuibanez.es\/ca\/wp-json\/wp\/v2\/comments?post=5279"}],"version-history":[{"count":3,"href":"https:\/\/andreuibanez.es\/ca\/wp-json\/wp\/v2\/pages\/5279\/revisions"}],"predecessor-version":[{"id":5282,"href":"https:\/\/andreuibanez.es\/ca\/wp-json\/wp\/v2\/pages\/5279\/revisions\/5282"}],"wp:attachment":[{"href":"https:\/\/andreuibanez.es\/ca\/wp-json\/wp\/v2\/media?parent=5279"}],"curies":[{"name":"wp","href":"https:\/\/api.w.org\/{rel}","templated":true}]}}